{"id":1843,"date":"2018-10-20T17:30:00","date_gmt":"2018-10-20T17:30:00","guid":{"rendered":"http:\/\/www.congressolmc.pt\/?page_id=1843"},"modified":"2025-11-18T11:52:22","modified_gmt":"2025-11-18T11:52:22","slug":"apresentacao","status":"publish","type":"page","link":"https:\/\/gilm.pt\/congressolmc\/apresentacao\/","title":{"rendered":"Apresenta\u00e7\u00e3o"},"content":{"rendered":"\t\t<div data-elementor-type=\"wp-page\" data-elementor-id=\"1843\" class=\"elementor elementor-1843\" data-elementor-post-type=\"page\">\n\t\t\t\t<div class=\"elementor-element elementor-element-76e7774 e-flex e-con-boxed e-con e-parent\" data-id=\"76e7774\" data-element_type=\"container\" data-e-type=\"container\">\n\t\t\t\t\t<div class=\"e-con-inner\">\n\t\t\t\t<div class=\"elementor-element elementor-element-9aa1aad elementor-widget__width-initial elementor-widget elementor-widget-text-editor\" data-id=\"9aa1aad\" data-element_type=\"widget\" data-e-type=\"widget\" data-widget_type=\"text-editor.default\">\n\t\t\t\t<div class=\"elementor-widget-container\">\n\t\t\t\t\t\t\t\t\t<h3><span style=\"font-weight: 400;\">Apresenta\u00e7\u00e3o do VII Congresso Literacia, Media e Cidadania: Comportamentos, Narrativas e Direitos Humanos\u00a0<\/span><\/h3><p><span style=\"font-weight: 400;\">O Congresso Literacia, Media e Cidadania \u00e9 uma iniciativa do Grupo Informal sobre Literacia Medi\u00e1tica (GILM), que promove desde 2011 o debate e a partilha de experi\u00eancias sobre o papel essencial da literacia medi\u00e1tica na sociedade contempor\u00e2nea.\u00a0<\/span><\/p><p><span style=\"font-weight: 400;\">A VII edi\u00e7\u00e3o decorrer\u00e1 nos dias 27 e 28 de novembro de 2025, na cidade de Coimbra.<\/span><\/p>\t\t\t\t\t\t\t\t<\/div>\n\t\t\t\t<\/div>\n\t\t\t\t\t<\/div>\n\t\t\t\t<\/div>\n\t\t<div class=\"elementor-element elementor-element-6a7ee46 e-con-full e-flex e-con e-parent\" data-id=\"6a7ee46\" data-element_type=\"container\" data-e-type=\"container\">\n\t\t\t\t<div class=\"elementor-element elementor-element-4d41d08 elementor-widget elementor-widget-image\" data-id=\"4d41d08\" data-element_type=\"widget\" data-e-type=\"widget\" data-widget_type=\"image.default\">\n\t\t\t\t<div class=\"elementor-widget-container\">\n\t\t\t\t\t\t\t\t\t\t\t\t\t\t\t<img fetchpriority=\"high\" decoding=\"async\" width=\"800\" height=\"800\" src=\"https:\/\/gilm.pt\/congressolmc\/wp-content\/uploads\/2025\/06\/ChatGPT-Image-14_06_2025-20_02_43.jpg\" class=\"attachment-large size-large wp-image-7168\" alt=\"\" srcset=\"https:\/\/gilm.pt\/congressolmc\/wp-content\/uploads\/2025\/06\/ChatGPT-Image-14_06_2025-20_02_43.jpg 1024w, https:\/\/gilm.pt\/congressolmc\/wp-content\/uploads\/2025\/06\/ChatGPT-Image-14_06_2025-20_02_43-300x300.jpg 300w, https:\/\/gilm.pt\/congressolmc\/wp-content\/uploads\/2025\/06\/ChatGPT-Image-14_06_2025-20_02_43-150x150.jpg 150w, https:\/\/gilm.pt\/congressolmc\/wp-content\/uploads\/2025\/06\/ChatGPT-Image-14_06_2025-20_02_43-768x768.jpg 768w\" sizes=\"(max-width: 800px) 100vw, 800px\" \/>\t\t\t\t\t\t\t\t\t\t\t\t\t\t\t<\/div>\n\t\t\t\t<\/div>\n\t\t\t\t<\/div>\n\t\t\t\t<section class=\"elementor-section elementor-top-section elementor-element elementor-element-742fd18f elementor-section-boxed elementor-section-height-default elementor-section-height-default\" data-id=\"742fd18f\" data-element_type=\"section\" data-e-type=\"section\">\n\t\t\t\t\t\t<div class=\"elementor-container elementor-column-gap-default\">\n\t\t\t\t\t<div class=\"elementor-column elementor-col-100 elementor-top-column elementor-element elementor-element-6cb4fc4b\" data-id=\"6cb4fc4b\" data-element_type=\"column\" data-e-type=\"column\">\n\t\t\t<div class=\"elementor-widget-wrap elementor-element-populated\">\n\t\t\t\t\t\t<div class=\"elementor-element elementor-element-39ed47e elementor-widget elementor-widget-text-editor\" data-id=\"39ed47e\" data-element_type=\"widget\" data-e-type=\"widget\" data-widget_type=\"text-editor.default\">\n\t\t\t\t<div class=\"elementor-widget-container\">\n\t\t\t\t\t\t\t\t\t<p>\u00a0<\/p><p><span style=\"font-weight: 400;\">\u00a0<\/span><\/p><p><span style=\"font-weight: 400;\">A r\u00e1pida transforma\u00e7\u00e3o do ecossistema medi\u00e1tico, impulsionada pela digitaliza\u00e7\u00e3o acelerada e intensificada pela polariza\u00e7\u00e3o social, tem reconfigurado de forma profunda os modos de comunica\u00e7\u00e3o, a perce\u00e7\u00e3o da realidade e os valores c\u00edvicos e sociais. Perante este cen\u00e1rio, o VII Congresso Literacia, Media e Cidadania prop\u00f5e uma reflex\u00e3o urgente e multidimensional sobre tr\u00eas eixos estruturantes: <strong>Comportamentos, Narrativas e Direitos Humanos<\/strong>.<\/span><\/p><p><span style=\"font-weight: 400;\">\u00a0<\/span><\/p><p><span style=\"font-weight: 400;\">Os processos algor\u00edtmicos das plataformas digitais, e em particular o uso intensivo das redes sociais, t\u00eam remodelado os comportamentos individuais e coletivos, gerando depend\u00eancia tecnol\u00f3gica e bolhas informativas, que podem dificultar o di\u00e1logo social. Esta din\u00e2mica, centrada na capta\u00e7\u00e3o da aten\u00e7\u00e3o, favorece a prolifera\u00e7\u00e3o de narrativas contradit\u00f3rias e manipuladoras, conduzindo \u00e0 desinforma\u00e7\u00e3o, fragmenta\u00e7\u00e3o e polariza\u00e7\u00e3o da opini\u00e3o p\u00fablica.<\/span><\/p><p><span style=\"font-weight: 400;\">\u00a0<\/span><\/p><p><span style=\"font-weight: 400;\">As narrativas medi\u00e1ticas, outrora alicer\u00e7adas em padr\u00f5es profissionais reconhecidos e legitimados socialmente, veem-se desafiadas por novos atores, conte\u00fados e formatos que subvertem as fronteiras entre factos e opini\u00f5es, e entre a informa\u00e7\u00e3o jornal\u00edstica e outros dom\u00ednios da comunica\u00e7\u00e3o. Esta desestrutura\u00e7\u00e3o do campo narrativo n\u00e3o s\u00f3 fragiliza as diferentes pr\u00e1ticas profissionais da comunica\u00e7\u00e3o, como tamb\u00e9m pode minar a confian\u00e7a p\u00fablica na informa\u00e7\u00e3o e nos pr\u00f3prios media.<\/span><\/p><p><span style=\"font-weight: 400;\">\u00a0<\/span><\/p><p><span style=\"font-weight: 400;\">Perante a fragmenta\u00e7\u00e3o do espa\u00e7o p\u00fablico e a perda de refer\u00eancias comuns, torna-se imperativo promover discursos que defendam valores universais, como a paz e a dignidade humana. Assim, a literacia medi\u00e1tica assume um papel essencial, n\u00e3o apenas como uma ferramenta de capacita\u00e7\u00e3o individual, mas como um pilar fundamental para a preserva\u00e7\u00e3o da democracia, da coes\u00e3o social e dos direitos humanos.<\/span><\/p><p><span style=\"font-weight: 400;\">\u00a0<\/span><\/p><p><span style=\"font-weight: 400;\">O VII Congresso Literacia, Media e Cidadania desafia por isso a comunidade acad\u00e9mica, os profissionais dos media, os decisores pol\u00edticos e a sociedade civil a refletirem coletivamente sobre a literacia medi\u00e1tica em torno dos Comportamentos, Narrativas e Direitos Humanos.<\/span><\/p><p><span style=\"font-weight: 400;\">\u00a0<\/span><\/p><p><span style=\"font-weight: 400;\">Para os efeitos previstos no n.\u00ba 1 do artigo 8.\u00ba do Regime Jur\u00eddico da Forma\u00e7\u00e3o Cont\u00ednua de Professores, o presente congresso ser\u00e1 acreditado para efeitos de progress\u00e3o em carreira de Educadores de Inf\u00e2ncia, Professores dos Ensinos B\u00e1sico e Secund\u00e1rio, Professores de Educa\u00e7\u00e3o Especial.<\/span><\/p><p><span style=\"font-weight: 400;\">\u00a0<\/span><\/p>\t\t\t\t\t\t\t\t<\/div>\n\t\t\t\t<\/div>\n\t\t\t\t<div class=\"elementor-element elementor-element-333f519 elementor-arrows-position-inside elementor-widget elementor-widget-image-carousel\" data-id=\"333f519\" data-element_type=\"widget\" data-e-type=\"widget\" data-settings=\"{&quot;slides_to_show&quot;:&quot;1&quot;,&quot;navigation&quot;:&quot;arrows&quot;,&quot;autoplay&quot;:&quot;yes&quot;,&quot;pause_on_hover&quot;:&quot;yes&quot;,&quot;pause_on_interaction&quot;:&quot;yes&quot;,&quot;autoplay_speed&quot;:5000,&quot;infinite&quot;:&quot;yes&quot;,&quot;effect&quot;:&quot;slide&quot;,&quot;speed&quot;:500}\" data-widget_type=\"image-carousel.default\">\n\t\t\t\t<div class=\"elementor-widget-container\">\n\t\t\t\t\t\t\t<div class=\"elementor-image-carousel-wrapper swiper\" role=\"region\" aria-roledescription=\"carousel\" aria-label=\"Carrossel de imagens\" dir=\"ltr\">\n\t\t\t<div class=\"elementor-image-carousel swiper-wrapper\" aria-live=\"off\">\n\t\t\t\t\t\t\t\t<div class=\"swiper-slide\" role=\"group\" aria-roledescription=\"slide\" aria-label=\"1 of 16\"><figure class=\"swiper-slide-inner\"><img decoding=\"async\" class=\"swiper-slide-image\" src=\"https:\/\/gilm.pt\/congressolmc\/wp-content\/uploads\/2023\/01\/Vcongresso.jpg\" alt=\"V Congresso de Literacia e Media\" \/><figcaption class=\"elementor-image-carousel-caption\">V Congresso de Literacia e Media<\/figcaption><\/figure><\/div><div class=\"swiper-slide\" role=\"group\" aria-roledescription=\"slide\" aria-label=\"2 of 16\"><figure class=\"swiper-slide-inner\"><img decoding=\"async\" class=\"swiper-slide-image\" src=\"https:\/\/gilm.pt\/congressolmc\/wp-content\/uploads\/2023\/01\/Vcongresso_1.jpg\" alt=\"V Congresso de Literacia e Media\" \/><figcaption class=\"elementor-image-carousel-caption\">V Congresso de Literacia e Media<\/figcaption><\/figure><\/div><div class=\"swiper-slide\" role=\"group\" aria-roledescription=\"slide\" aria-label=\"3 of 16\"><figure class=\"swiper-slide-inner\"><img decoding=\"async\" class=\"swiper-slide-image\" src=\"https:\/\/gilm.pt\/congressolmc\/wp-content\/uploads\/2023\/01\/Vcongresso_2.jpg\" alt=\"V Congresso de Literacia e Media\" \/><figcaption class=\"elementor-image-carousel-caption\">V Congresso de Literacia e Media<\/figcaption><\/figure><\/div><div class=\"swiper-slide\" role=\"group\" aria-roledescription=\"slide\" aria-label=\"4 of 16\"><figure class=\"swiper-slide-inner\"><img decoding=\"async\" class=\"swiper-slide-image\" src=\"https:\/\/gilm.pt\/congressolmc\/wp-content\/uploads\/2023\/01\/Vcongresso_3.jpg\" alt=\"V Congresso de Literacia e Media\" \/><figcaption class=\"elementor-image-carousel-caption\">V Congresso de Literacia e Media<\/figcaption><\/figure><\/div><div class=\"swiper-slide\" role=\"group\" aria-roledescription=\"slide\" aria-label=\"5 of 16\"><figure class=\"swiper-slide-inner\"><img decoding=\"async\" class=\"swiper-slide-image\" src=\"https:\/\/gilm.pt\/congressolmc\/wp-content\/uploads\/2023\/01\/Vcongresso_4.jpg\" alt=\"V Congresso de Literacia e Media\" \/><figcaption class=\"elementor-image-carousel-caption\">V Congresso de Literacia e Media<\/figcaption><\/figure><\/div><div class=\"swiper-slide\" role=\"group\" aria-roledescription=\"slide\" aria-label=\"6 of 16\"><figure class=\"swiper-slide-inner\"><img decoding=\"async\" class=\"swiper-slide-image\" src=\"https:\/\/gilm.pt\/congressolmc\/wp-content\/uploads\/2023\/01\/3congresso_Lit_Med_Cid_ERC_GBD263.jpg\" alt=\"III Congresso de Literacia e Media\" \/><figcaption class=\"elementor-image-carousel-caption\">III Congresso de Literacia e Media<\/figcaption><\/figure><\/div><div class=\"swiper-slide\" role=\"group\" aria-roledescription=\"slide\" aria-label=\"7 of 16\"><figure class=\"swiper-slide-inner\"><img decoding=\"async\" class=\"swiper-slide-image\" src=\"https:\/\/gilm.pt\/congressolmc\/wp-content\/uploads\/2023\/01\/3congresso_Lit_Med_Cid_ERC_GBD210.jpg\" alt=\"III Congresso de Literacia e Media\" \/><figcaption class=\"elementor-image-carousel-caption\">III Congresso de Literacia e Media<\/figcaption><\/figure><\/div><div class=\"swiper-slide\" role=\"group\" aria-roledescription=\"slide\" aria-label=\"8 of 16\"><figure class=\"swiper-slide-inner\"><img decoding=\"async\" class=\"swiper-slide-image\" src=\"https:\/\/gilm.pt\/congressolmc\/wp-content\/uploads\/2023\/01\/3congresso_Lit_Med_Cid_ERC_GBD151.jpg\" alt=\"III Congresso de Literacia e Media\" \/><figcaption class=\"elementor-image-carousel-caption\">III Congresso de Literacia e Media<\/figcaption><\/figure><\/div><div class=\"swiper-slide\" role=\"group\" aria-roledescription=\"slide\" aria-label=\"9 of 16\"><figure class=\"swiper-slide-inner\"><img decoding=\"async\" class=\"swiper-slide-image\" src=\"https:\/\/gilm.pt\/congressolmc\/wp-content\/uploads\/2023\/01\/3congresso_Lit_Med_Cid_ERC_GBD095.jpg\" alt=\"III Congresso de Literacia e Media\" \/><figcaption class=\"elementor-image-carousel-caption\">III Congresso de Literacia e Media<\/figcaption><\/figure><\/div><div class=\"swiper-slide\" role=\"group\" aria-roledescription=\"slide\" aria-label=\"10 of 16\"><figure class=\"swiper-slide-inner\"><img decoding=\"async\" class=\"swiper-slide-image\" src=\"https:\/\/gilm.pt\/congressolmc\/wp-content\/uploads\/2023\/01\/3congresso_Lit_Med_Cid_ERC_GBD093.jpg\" alt=\"III Congresso de Literacia e Media\" \/><figcaption class=\"elementor-image-carousel-caption\">III Congresso de Literacia e Media<\/figcaption><\/figure><\/div><div class=\"swiper-slide\" role=\"group\" aria-roledescription=\"slide\" aria-label=\"11 of 16\"><figure class=\"swiper-slide-inner\"><img decoding=\"async\" class=\"swiper-slide-image\" src=\"https:\/\/gilm.pt\/congressolmc\/wp-content\/uploads\/2023\/01\/3congresso_Lit_Med_Cid_ERC_GBD090.jpg\" alt=\"III Congresso de Literacia e Media\" \/><figcaption class=\"elementor-image-carousel-caption\">III Congresso de Literacia e Media<\/figcaption><\/figure><\/div><div class=\"swiper-slide\" role=\"group\" aria-roledescription=\"slide\" aria-label=\"12 of 16\"><figure class=\"swiper-slide-inner\"><img decoding=\"async\" class=\"swiper-slide-image\" src=\"https:\/\/gilm.pt\/congressolmc\/wp-content\/uploads\/2023\/01\/3congresso_Lit_Med_Cid_ERC_GBD081.jpg\" alt=\"III Congresso de Literacia e Media\" \/><figcaption class=\"elementor-image-carousel-caption\">III Congresso de Literacia e Media<\/figcaption><\/figure><\/div><div class=\"swiper-slide\" role=\"group\" aria-roledescription=\"slide\" aria-label=\"13 of 16\"><figure class=\"swiper-slide-inner\"><img decoding=\"async\" class=\"swiper-slide-image\" src=\"https:\/\/gilm.pt\/congressolmc\/wp-content\/uploads\/2023\/01\/3congresso_Lit_Med_Cid_ERC_GBD080.jpg\" alt=\"III Congresso de Literacia e Media\" \/><figcaption class=\"elementor-image-carousel-caption\">III Congresso de Literacia e Media<\/figcaption><\/figure><\/div><div class=\"swiper-slide\" role=\"group\" aria-roledescription=\"slide\" aria-label=\"14 of 16\"><figure class=\"swiper-slide-inner\"><img decoding=\"async\" class=\"swiper-slide-image\" src=\"https:\/\/gilm.pt\/congressolmc\/wp-content\/uploads\/2023\/01\/3congresso_Lit_Med_Cid_ERC_GBD024.jpg\" alt=\"III Congresso de Literacia e Media\" \/><figcaption class=\"elementor-image-carousel-caption\">III Congresso de Literacia e Media<\/figcaption><\/figure><\/div><div class=\"swiper-slide\" role=\"group\" aria-roledescription=\"slide\" aria-label=\"15 of 16\"><figure class=\"swiper-slide-inner\"><img decoding=\"async\" class=\"swiper-slide-image\" src=\"https:\/\/gilm.pt\/congressolmc\/wp-content\/uploads\/2023\/01\/3congresso_Lit_Med_Cid_ERC_GBD074.jpg\" alt=\"III Congresso de Literacia e Media\" \/><figcaption class=\"elementor-image-carousel-caption\">III Congresso de Literacia e Media<\/figcaption><\/figure><\/div><div class=\"swiper-slide\" role=\"group\" aria-roledescription=\"slide\" aria-label=\"16 of 16\"><figure class=\"swiper-slide-inner\"><img decoding=\"async\" class=\"swiper-slide-image\" src=\"https:\/\/gilm.pt\/congressolmc\/wp-content\/uploads\/2023\/01\/3congresso_Lit_Med_Cid_ERC_GBD079.jpg\" alt=\"III Congresso de Literacia e Media\" \/><figcaption class=\"elementor-image-carousel-caption\">III Congresso de Literacia e Media<\/figcaption><\/figure><\/div>\t\t\t<\/div>\n\t\t\t\t\t\t\t\t\t\t\t\t<div class=\"elementor-swiper-button elementor-swiper-button-prev\" role=\"button\" tabindex=\"0\">\n\t\t\t\t\t\t<i aria-hidden=\"true\" class=\"eicon-chevron-left\"><\/i>\t\t\t\t\t<\/div>\n\t\t\t\t\t<div class=\"elementor-swiper-button elementor-swiper-button-next\" role=\"button\" tabindex=\"0\">\n\t\t\t\t\t\t<i aria-hidden=\"true\" class=\"eicon-chevron-right\"><\/i>\t\t\t\t\t<\/div>\n\t\t\t\t\n\t\t\t\t\t\t\t\t\t<\/div>\n\t\t\t\t\t\t<\/div>\n\t\t\t\t<\/div>\n\t\t\t\t<div class=\"elementor-element elementor-element-46cee93 elementor-widget elementor-widget-text-editor\" data-id=\"46cee93\" data-element_type=\"widget\" data-e-type=\"widget\" data-widget_type=\"text-editor.default\">\n\t\t\t\t<div class=\"elementor-widget-container\">\n\t\t\t\t\t\t\t\t\t<p>Seguindo um <b>modelo de dois dias de debate e partilha de conhecimento<\/b>, o VII Congresso Literacia, Media e Cidadania surge estruturado com v\u00e1rios momentos cruciais:\u00a0<\/p><ul><li style=\"font-weight: 400;\" aria-level=\"1\"><span style=\"font-weight: 400;\"><strong>confer\u00eancias<\/strong> de peritos convidados a inaugurar cada um dos dias do congresso;\u00a0 \u00a0<\/span><\/li><li style=\"font-weight: 400;\" aria-level=\"1\"><b>sess\u00f5es plen\u00e1rias<\/b><span style=\"font-weight: 400;\">;\u00a0<\/span><\/li><li style=\"font-weight: 400;\" aria-level=\"1\"><b>dois blocos<\/b><span style=\"font-weight: 400;\"> (um por dia) para <\/span><b>comunica\u00e7\u00f5es livres<\/b><span style=\"font-weight: 400;\"> dedicadas n\u00e3o s\u00f3 ao tema central do congresso, mas tamb\u00e9m \u00e0s m\u00faltiplas tem\u00e1ticas que o chap\u00e9u da literacia medi\u00e1tica pode englobar;\u00a0<\/span><\/li><li style=\"font-weight: 400;\" aria-level=\"1\"><b>um bloco de <\/b><b><i>workshops<\/i><\/b> <i><span style=\"font-weight: 400;\">. <\/span><\/i><\/li><\/ul><p><span style=\"font-weight: 400;\">Durante as pausas para caf\u00e9, as refei\u00e7\u00f5es e o programa social, o congresso pretende ainda proporcionar condi\u00e7\u00f5es aos participantes para que, de forma mais informal e descontra\u00edda, realizem momentos de partilha, atrav\u00e9s de um verdadeiro <\/span><i><span style=\"font-weight: 400;\">networking.\u00a0<\/span><\/i><\/p>\t\t\t\t\t\t\t\t<\/div>\n\t\t\t\t<\/div>\n\t\t\t\t<div class=\"elementor-element elementor-element-e261a80 elementor-align-justify elementor-tablet-align-left elementor-mobile-align-center elementor-widget elementor-widget-button\" data-id=\"e261a80\" data-element_type=\"widget\" data-e-type=\"widget\" data-widget_type=\"button.default\">\n\t\t\t\t<div class=\"elementor-widget-container\">\n\t\t\t\t\t\t\t\t\t<div class=\"elementor-button-wrapper\">\n\t\t\t\t\t<a class=\"elementor-button elementor-button-link elementor-size-md\" href=\"https:\/\/gilm.pt\/congressolmc\/workshops-inscricoes\/\">\n\t\t\t\t\t\t<span class=\"elementor-button-content-wrapper\">\n\t\t\t\t\t\t\t\t\t<span class=\"elementor-button-text\">Inscreva-se agora<\/span>\n\t\t\t\t\t<\/span>\n\t\t\t\t\t<\/a>\n\t\t\t\t<\/div>\n\t\t\t\t\t\t\t\t<\/div>\n\t\t\t\t<\/div>\n\t\t\t\t\t<\/div>\n\t\t<\/div>\n\t\t\t\t\t<\/div>\n\t\t<\/section>\n\t\t\t\t<\/div>\n\t\t","protected":false},"excerpt":{"rendered":"<p>Apresenta\u00e7\u00e3o do VII Congresso Literacia, Media e Cidadania: Comportamentos, Narrativas e Direitos Humanos\u00a0 O Congresso Literacia, Media e Cidadania \u00e9 uma iniciativa do Grupo Informal sobre Literacia Medi\u00e1tica (GILM), que promove desde 2011 o debate e a partilha de experi\u00eancias sobre o papel essencial da literacia medi\u00e1tica na sociedade contempor\u00e2nea.\u00a0 A VII edi\u00e7\u00e3o decorrer\u00e1 nos [&hellip;]<\/p>\n","protected":false},"author":1,"featured_media":2893,"parent":0,"menu_order":0,"comment_status":"closed","ping_status":"closed","template":"","meta":{"footnotes":""},"class_list":["post-1843","page","type-page","status-publish","has-post-thumbnail","hentry"],"_links":{"self":[{"href":"https:\/\/gilm.pt\/congressolmc\/wp-json\/wp\/v2\/pages\/1843","targetHints":{"allow":["GET"]}}],"collection":[{"href":"https:\/\/gilm.pt\/congressolmc\/wp-json\/wp\/v2\/pages"}],"about":[{"href":"https:\/\/gilm.pt\/congressolmc\/wp-json\/wp\/v2\/types\/page"}],"author":[{"embeddable":true,"href":"https:\/\/gilm.pt\/congressolmc\/wp-json\/wp\/v2\/users\/1"}],"replies":[{"embeddable":true,"href":"https:\/\/gilm.pt\/congressolmc\/wp-json\/wp\/v2\/comments?post=1843"}],"version-history":[{"count":5,"href":"https:\/\/gilm.pt\/congressolmc\/wp-json\/wp\/v2\/pages\/1843\/revisions"}],"predecessor-version":[{"id":8762,"href":"https:\/\/gilm.pt\/congressolmc\/wp-json\/wp\/v2\/pages\/1843\/revisions\/8762"}],"wp:featuredmedia":[{"embeddable":true,"href":"https:\/\/gilm.pt\/congressolmc\/wp-json\/wp\/v2\/media\/2893"}],"wp:attachment":[{"href":"https:\/\/gilm.pt\/congressolmc\/wp-json\/wp\/v2\/media?parent=1843"}],"curies":[{"name":"wp","href":"https:\/\/api.w.org\/{rel}","templated":true}]}}