{"id":28,"date":"2016-07-27T08:58:48","date_gmt":"2016-07-27T08:58:48","guid":{"rendered":"https:\/\/4congressolmc.wordpress.com\/?page_id=28"},"modified":"2025-11-10T11:19:42","modified_gmt":"2025-11-10T11:19:42","slug":"organizacao","status":"publish","type":"page","link":"https:\/\/gilm.pt\/congressolmc\/organizacao\/","title":{"rendered":"Organiza\u00e7\u00e3o"},"content":{"rendered":"\t\t<div data-elementor-type=\"wp-page\" data-elementor-id=\"28\" class=\"elementor elementor-28\" data-elementor-post-type=\"page\">\n\t\t\t\t\t\t<section class=\"elementor-section elementor-top-section elementor-element elementor-element-ebfcea3 elementor-section-boxed elementor-section-height-default elementor-section-height-default\" data-id=\"ebfcea3\" data-element_type=\"section\" data-e-type=\"section\" data-settings=\"{&quot;background_background&quot;:&quot;classic&quot;}\">\n\t\t\t\t\t\t\t<div class=\"elementor-background-overlay\"><\/div>\n\t\t\t\t\t\t\t<div class=\"elementor-container elementor-column-gap-default\">\n\t\t\t\t\t<div class=\"elementor-column elementor-col-100 elementor-top-column elementor-element elementor-element-e9a49d0\" data-id=\"e9a49d0\" data-element_type=\"column\" data-e-type=\"column\" data-settings=\"{&quot;background_background&quot;:&quot;classic&quot;}\">\n\t\t\t<div class=\"elementor-widget-wrap elementor-element-populated\">\n\t\t\t\t\t\t<section class=\"elementor-section elementor-inner-section elementor-element elementor-element-b40b221 elementor-section-full_width elementor-section-height-default elementor-section-height-default\" data-id=\"b40b221\" data-element_type=\"section\" data-e-type=\"section\" data-settings=\"{&quot;background_background&quot;:&quot;classic&quot;}\">\n\t\t\t\t\t\t<div class=\"elementor-container elementor-column-gap-default\">\n\t\t\t\t\t<div class=\"elementor-column elementor-col-100 elementor-inner-column elementor-element elementor-element-64ecd36\" data-id=\"64ecd36\" data-element_type=\"column\" data-e-type=\"column\">\n\t\t\t<div class=\"elementor-widget-wrap elementor-element-populated\">\n\t\t\t\t\t\t<div class=\"elementor-element elementor-element-02920ba elementor-widget elementor-widget-text-editor\" data-id=\"02920ba\" data-element_type=\"widget\" data-e-type=\"widget\" data-widget_type=\"text-editor.default\">\n\t\t\t\t<div class=\"elementor-widget-container\">\n\t\t\t\t\t\t\t\t\t<p>A s\u00e9tima edi\u00e7\u00e3o do Congresso Literacia, Media e Cidadania \u00e9 organizada pelos quinze membros permanentes do GILM em parceria com a Faculdade de Letras da Universidade de Coimbra.<\/p>\t\t\t\t\t\t\t\t<\/div>\n\t\t\t\t<\/div>\n\t\t\t\t\t<\/div>\n\t\t<\/div>\n\t\t\t\t\t<\/div>\n\t\t<\/section>\n\t\t\t\t<section class=\"elementor-section elementor-inner-section elementor-element elementor-element-259cb1b elementor-section-full_width elementor-section-height-default elementor-section-height-default\" data-id=\"259cb1b\" data-element_type=\"section\" data-e-type=\"section\" data-settings=\"{&quot;background_background&quot;:&quot;classic&quot;}\">\n\t\t\t\t\t\t<div class=\"elementor-container elementor-column-gap-default\">\n\t\t\t\t\t<div class=\"elementor-column elementor-col-25 elementor-inner-column elementor-element elementor-element-a20b42d\" data-id=\"a20b42d\" data-element_type=\"column\" data-e-type=\"column\">\n\t\t\t<div class=\"elementor-widget-wrap elementor-element-populated\">\n\t\t\t\t\t\t<div class=\"elementor-element elementor-element-9757b62 elementor-position-top elementor-widget elementor-widget-image-box\" data-id=\"9757b62\" data-element_type=\"widget\" data-e-type=\"widget\" data-widget_type=\"image-box.default\">\n\t\t\t\t<div class=\"elementor-widget-container\">\n\t\t\t\t\t<div class=\"elementor-image-box-wrapper\"><figure class=\"elementor-image-box-img\"><a href=\"https:\/\/www.lusa.pt\/\" target=\"_blank\" tabindex=\"-1\" rel=\"noopener\"><img decoding=\"async\" src=\"https:\/\/gilm.pt\/congressolmc\/wp-content\/uploads\/elementor\/thumbs\/logo-lusa-r7llppe59icds2y1m3fn7zqr6b2mky23xo9vj0bovs.jpg\" title=\"logo-lusa\" alt=\"logo-lusa\" loading=\"lazy\" \/><\/a><\/figure><\/div>\t\t\t\t<\/div>\n\t\t\t\t<\/div>\n\t\t\t\t\t<\/div>\n\t\t<\/div>\n\t\t\t\t<div class=\"elementor-column elementor-col-25 elementor-inner-column elementor-element elementor-element-c9f90bf\" data-id=\"c9f90bf\" data-element_type=\"column\" data-e-type=\"column\">\n\t\t\t<div class=\"elementor-widget-wrap elementor-element-populated\">\n\t\t\t\t\t\t<div class=\"elementor-element elementor-element-9796bf9 elementor-position-top elementor-widget elementor-widget-image-box\" data-id=\"9796bf9\" data-element_type=\"widget\" data-e-type=\"widget\" data-widget_type=\"image-box.default\">\n\t\t\t\t<div class=\"elementor-widget-container\">\n\t\t\t\t\t<div class=\"elementor-image-box-wrapper\"><figure class=\"elementor-image-box-img\"><a href=\"https:\/\/www.cncs.gov.pt\/\" target=\"_blank\" tabindex=\"-1\" rel=\"noopener\"><img decoding=\"async\" src=\"https:\/\/gilm.pt\/congressolmc\/wp-content\/uploads\/elementor\/thumbs\/CNCS_novo-re5xh3hjknqomb1h31pgpge0kexq820g3wvwe0tg3c.jpg\" title=\"CNCS_novo\" alt=\"CNCS_novo\" loading=\"lazy\" \/><\/a><\/figure><\/div>\t\t\t\t<\/div>\n\t\t\t\t<\/div>\n\t\t\t\t\t<\/div>\n\t\t<\/div>\n\t\t\t\t<div class=\"elementor-column elementor-col-25 elementor-inner-column elementor-element elementor-element-69f0da6\" data-id=\"69f0da6\" data-element_type=\"column\" data-e-type=\"column\">\n\t\t\t<div class=\"elementor-widget-wrap elementor-element-populated\">\n\t\t\t\t\t\t<div class=\"elementor-element elementor-element-a9aa58a elementor-position-top elementor-widget elementor-widget-image-box\" data-id=\"a9aa58a\" data-element_type=\"widget\" data-e-type=\"widget\" data-widget_type=\"image-box.default\">\n\t\t\t\t<div class=\"elementor-widget-container\">\n\t\t\t\t\t<div class=\"elementor-image-box-wrapper\"><figure class=\"elementor-image-box-img\"><a href=\"https:\/\/unescoportugal.mne.gov.pt\/pt\/\" target=\"_blank\" tabindex=\"-1\" rel=\"noopener\"><img decoding=\"async\" src=\"https:\/\/gilm.pt\/congressolmc\/wp-content\/uploads\/elementor\/thumbs\/logo-unesco-r7llplmsi678hn3i81t4y0owsrl5q5n6l5nxlwh9ko.jpg\" title=\"logo-unesco\" alt=\"logo-unesco\" loading=\"lazy\" \/><\/a><\/figure><\/div>\t\t\t\t<\/div>\n\t\t\t\t<\/div>\n\t\t\t\t\t<\/div>\n\t\t<\/div>\n\t\t\t\t<div class=\"elementor-column elementor-col-25 elementor-inner-column elementor-element elementor-element-6806db5\" data-id=\"6806db5\" data-element_type=\"column\" data-e-type=\"column\">\n\t\t\t<div class=\"elementor-widget-wrap elementor-element-populated\">\n\t\t\t\t\t\t<div class=\"elementor-element elementor-element-71454f6 elementor-position-top elementor-widget elementor-widget-image-box\" data-id=\"71454f6\" data-element_type=\"widget\" data-e-type=\"widget\" data-widget_type=\"image-box.default\">\n\t\t\t\t<div class=\"elementor-widget-container\">\n\t\t\t\t\t<div class=\"elementor-image-box-wrapper\"><figure class=\"elementor-image-box-img\"><a href=\"https:\/\/www.cnedu.pt\/pt\/\" target=\"_blank\" tabindex=\"-1\" rel=\"noopener\"><img decoding=\"async\" src=\"https:\/\/gilm.pt\/congressolmc\/wp-content\/uploads\/elementor\/thumbs\/CNEnovlog-1-r7llpit9xo3dit7loil98jej0lz232bzkrph62lg3c.jpg\" title=\"CNEnovlog-1\" alt=\"CNEnovlog-1\" loading=\"lazy\" \/><\/a><\/figure><\/div>\t\t\t\t<\/div>\n\t\t\t\t<\/div>\n\t\t\t\t\t<\/div>\n\t\t<\/div>\n\t\t\t\t\t<\/div>\n\t\t<\/section>\n\t\t\t\t<section class=\"elementor-section elementor-inner-section elementor-element elementor-element-d521479 elementor-section-full_width elementor-section-height-default elementor-section-height-default\" data-id=\"d521479\" data-element_type=\"section\" data-e-type=\"section\" data-settings=\"{&quot;background_background&quot;:&quot;classic&quot;}\">\n\t\t\t\t\t\t<div class=\"elementor-container elementor-column-gap-default\">\n\t\t\t\t\t<div class=\"elementor-column elementor-col-25 elementor-inner-column elementor-element elementor-element-cff0fed\" data-id=\"cff0fed\" data-element_type=\"column\" data-e-type=\"column\">\n\t\t\t<div class=\"elementor-widget-wrap elementor-element-populated\">\n\t\t\t\t\t\t<div class=\"elementor-element elementor-element-fa2a95c elementor-position-top elementor-widget elementor-widget-image-box\" data-id=\"fa2a95c\" data-element_type=\"widget\" data-e-type=\"widget\" data-widget_type=\"image-box.default\">\n\t\t\t\t<div class=\"elementor-widget-container\">\n\t\t\t\t\t<div class=\"elementor-image-box-wrapper\"><figure class=\"elementor-image-box-img\"><a href=\"https:\/\/www.portugal.gov.pt\/pt\/gc25\/area-de-governo\/educacao-ciencia-e-inovacao\" target=\"_blank\" tabindex=\"-1\" rel=\"noopener\"><img decoding=\"async\" src=\"https:\/\/gilm.pt\/congressolmc\/wp-content\/uploads\/elementor\/thumbs\/Logo_do_Ministerio_da_Educacao_Ciencia_e_Inovacao_2_quadrado-rbw7vvr5ucfr0mnjfw69dqy4cmtv3werld4ki1o9fc.png\" title=\"Logo_do_Ministe\u0301rio_da_Educac\u0327a\u0303o,_Cie\u0302ncia_e_Inovac\u0327a\u0303o_2_quadrado\" alt=\"Logo_do_Ministe\u0301rio_da_Educac\u0327a\u0303o,_Cie\u0302ncia_e_Inovac\u0327a\u0303o_2_quadrado\" loading=\"lazy\" \/><\/a><\/figure><\/div>\t\t\t\t<\/div>\n\t\t\t\t<\/div>\n\t\t\t\t\t<\/div>\n\t\t<\/div>\n\t\t\t\t<div class=\"elementor-column elementor-col-25 elementor-inner-column elementor-element elementor-element-d8e917d\" data-id=\"d8e917d\" data-element_type=\"column\" data-e-type=\"column\">\n\t\t\t<div class=\"elementor-widget-wrap elementor-element-populated\">\n\t\t\t\t\t\t<div class=\"elementor-element elementor-element-9022656 elementor-position-top elementor-widget elementor-widget-image-box\" data-id=\"9022656\" data-element_type=\"widget\" data-e-type=\"widget\" data-widget_type=\"image-box.default\">\n\t\t\t\t<div class=\"elementor-widget-container\">\n\t\t\t\t\t<div class=\"elementor-image-box-wrapper\"><figure class=\"elementor-image-box-img\"><a href=\"https:\/\/www.erc.pt\/pt\/\" target=\"_blank\" tabindex=\"-1\" rel=\"noopener\"><img decoding=\"async\" src=\"https:\/\/gilm.pt\/congressolmc\/wp-content\/uploads\/elementor\/thumbs\/logo-erc-r7llpt5j8p9yoiybf1xbm1myl6rq3hor5zgzlinc80.jpg\" title=\"logo-erc\" alt=\"logo-erc\" loading=\"lazy\" \/><\/a><\/figure><\/div>\t\t\t\t<\/div>\n\t\t\t\t<\/div>\n\t\t\t\t\t<\/div>\n\t\t<\/div>\n\t\t\t\t<div class=\"elementor-column elementor-col-25 elementor-inner-column elementor-element elementor-element-ba1975e\" data-id=\"ba1975e\" data-element_type=\"column\" data-e-type=\"column\">\n\t\t\t<div class=\"elementor-widget-wrap elementor-element-populated\">\n\t\t\t\t\t\t<div class=\"elementor-element elementor-element-58b412e elementor-position-top elementor-widget elementor-widget-image-box\" data-id=\"58b412e\" data-element_type=\"widget\" data-e-type=\"widget\" data-widget_type=\"image-box.default\">\n\t\t\t\t<div class=\"elementor-widget-container\">\n\t\t\t\t\t<div class=\"elementor-image-box-wrapper\"><figure class=\"elementor-image-box-img\"><a href=\"https:\/\/www.escs.ipl.pt\/\" target=\"_blank\" tabindex=\"-1\" rel=\"noopener\"><img decoding=\"async\" src=\"https:\/\/gilm.pt\/congressolmc\/wp-content\/uploads\/elementor\/thumbs\/logo-escs-qg36plnh5by4kknuw17npglkko0whr0qe0racbc81k.png\" title=\"logo-escs\" alt=\"Escola Superior de Comunica\u00e7\u00e3o Social\" loading=\"lazy\" \/><\/a><\/figure><\/div>\t\t\t\t<\/div>\n\t\t\t\t<\/div>\n\t\t\t\t\t<\/div>\n\t\t<\/div>\n\t\t\t\t<div class=\"elementor-column elementor-col-25 elementor-inner-column elementor-element elementor-element-c994b05\" data-id=\"c994b05\" data-element_type=\"column\" data-e-type=\"column\">\n\t\t\t<div class=\"elementor-widget-wrap elementor-element-populated\">\n\t\t\t\t\t\t<div class=\"elementor-element elementor-element-1358890 elementor-position-top elementor-widget elementor-widget-image-box\" data-id=\"1358890\" data-element_type=\"widget\" data-e-type=\"widget\" data-widget_type=\"image-box.default\">\n\t\t\t\t<div class=\"elementor-widget-container\">\n\t\t\t\t\t<div class=\"elementor-image-box-wrapper\"><figure class=\"elementor-image-box-img\"><a href=\"https:\/\/www.ica-ip.pt\/pt\/\" target=\"_blank\" tabindex=\"-1\" rel=\"noopener\"><img decoding=\"async\" src=\"https:\/\/gilm.pt\/congressolmc\/wp-content\/uploads\/elementor\/thumbs\/parceiros-5-qg36plnh5by4kknuw17npglkko0whr0qe0racbc81k.jpg\" title=\"parceiros-5\" alt=\"Instituto do Cinema e do Audiovisual\" loading=\"lazy\" \/><\/a><\/figure><\/div>\t\t\t\t<\/div>\n\t\t\t\t<\/div>\n\t\t\t\t\t<\/div>\n\t\t<\/div>\n\t\t\t\t\t<\/div>\n\t\t<\/section>\n\t\t\t\t<section class=\"elementor-section elementor-inner-section elementor-element elementor-element-dcbbcc0 elementor-section-full_width elementor-section-height-default elementor-section-height-default\" data-id=\"dcbbcc0\" data-element_type=\"section\" data-e-type=\"section\" data-settings=\"{&quot;background_background&quot;:&quot;classic&quot;}\">\n\t\t\t\t\t\t<div class=\"elementor-container elementor-column-gap-default\">\n\t\t\t\t\t<div class=\"elementor-column elementor-col-25 elementor-inner-column elementor-element elementor-element-28ff13c\" data-id=\"28ff13c\" data-element_type=\"column\" data-e-type=\"column\">\n\t\t\t<div class=\"elementor-widget-wrap elementor-element-populated\">\n\t\t\t\t\t\t<div class=\"elementor-element elementor-element-f4b2140 elementor-position-top elementor-widget elementor-widget-image-box\" data-id=\"f4b2140\" data-element_type=\"widget\" data-e-type=\"widget\" data-widget_type=\"image-box.default\">\n\t\t\t\t<div class=\"elementor-widget-container\">\n\t\t\t\t\t<div class=\"elementor-image-box-wrapper\"><figure class=\"elementor-image-box-img\"><a href=\"https:\/\/www.obercom.pt\/\" target=\"_blank\" tabindex=\"-1\" rel=\"noopener\"><img decoding=\"async\" src=\"https:\/\/gilm.pt\/congressolmc\/wp-content\/uploads\/elementor\/thumbs\/logo-obercom-r7llpv16eik3pqpup5vemybiqmatv4ohyg6seo3bug.jpg\" title=\"logo-obercom\" alt=\"logo-obercom\" loading=\"lazy\" \/><\/a><\/figure><\/div>\t\t\t\t<\/div>\n\t\t\t\t<\/div>\n\t\t\t\t\t<\/div>\n\t\t<\/div>\n\t\t\t\t<div class=\"elementor-column elementor-col-25 elementor-inner-column elementor-element elementor-element-8a3f5ea\" data-id=\"8a3f5ea\" data-element_type=\"column\" data-e-type=\"column\">\n\t\t\t<div class=\"elementor-widget-wrap elementor-element-populated\">\n\t\t\t\t\t\t<div class=\"elementor-element elementor-element-1ea5eac elementor-position-top elementor-widget elementor-widget-image-box\" data-id=\"1ea5eac\" data-element_type=\"widget\" data-e-type=\"widget\" data-widget_type=\"image-box.default\">\n\t\t\t\t<div class=\"elementor-widget-container\">\n\t\t\t\t\t<div class=\"elementor-image-box-wrapper\"><figure class=\"elementor-image-box-img\"><a href=\"https:\/\/www.pnc.gov.pt\/\" target=\"_blank\" tabindex=\"-1\" rel=\"noopener\"><img decoding=\"async\" src=\"https:\/\/gilm.pt\/congressolmc\/wp-content\/uploads\/elementor\/thumbs\/PNCLogo-r7llpe42zhwxwreffyk4e2l81om80ktbw4g1roseyg.jpg\" title=\"PNCLogo\" alt=\"PNCLogo\" loading=\"lazy\" \/><\/a><\/figure><\/div>\t\t\t\t<\/div>\n\t\t\t\t<\/div>\n\t\t\t\t\t<\/div>\n\t\t<\/div>\n\t\t\t\t<div class=\"elementor-column elementor-col-25 elementor-inner-column elementor-element elementor-element-2508c08\" data-id=\"2508c08\" data-element_type=\"column\" data-e-type=\"column\">\n\t\t\t<div class=\"elementor-widget-wrap elementor-element-populated\">\n\t\t\t\t\t\t<div class=\"elementor-element elementor-element-914892d elementor-position-top elementor-widget elementor-widget-image-box\" data-id=\"914892d\" data-element_type=\"widget\" data-e-type=\"widget\" data-widget_type=\"image-box.default\">\n\t\t\t\t<div class=\"elementor-widget-container\">\n\t\t\t\t\t<div class=\"elementor-image-box-wrapper\"><figure class=\"elementor-image-box-img\"><a href=\"https:\/\/www.pnl2027.gov.pt\/np4\/home\" target=\"_blank\" tabindex=\"-1\" rel=\"noopener\"><img decoding=\"async\" src=\"https:\/\/gilm.pt\/congressolmc\/wp-content\/uploads\/elementor\/thumbs\/pnl2027-r7llpfzsl0ry5zhfjw8jn4yi9skl3q8ig6c6vn6un4.jpg\" title=\"pnl2027\" alt=\"pnl2027\" loading=\"lazy\" \/><\/a><\/figure><\/div>\t\t\t\t<\/div>\n\t\t\t\t<\/div>\n\t\t\t\t\t<\/div>\n\t\t<\/div>\n\t\t\t\t<div class=\"elementor-column elementor-col-25 elementor-inner-column elementor-element elementor-element-2f907b3\" data-id=\"2f907b3\" data-element_type=\"column\" data-e-type=\"column\">\n\t\t\t<div class=\"elementor-widget-wrap elementor-element-populated\">\n\t\t\t\t\t\t<div class=\"elementor-element elementor-element-b91d580 elementor-position-top elementor-widget elementor-widget-image-box\" data-id=\"b91d580\" data-element_type=\"widget\" data-e-type=\"widget\" data-widget_type=\"image-box.default\">\n\t\t\t\t<div class=\"elementor-widget-container\">\n\t\t\t\t\t<div class=\"elementor-image-box-wrapper\"><figure class=\"elementor-image-box-img\"><a href=\"https:\/\/www.rtp.pt\/\" target=\"_blank\" tabindex=\"-1\" rel=\"noopener\"><img decoding=\"async\" src=\"https:\/\/gilm.pt\/congressolmc\/wp-content\/uploads\/elementor\/thumbs\/logo-rtp-r7llq2jvx6ueamexh94f6wf7hp9rkpicnheo8vs6go.jpg\" title=\"logo-rtp\" alt=\"logo-rtp\" loading=\"lazy\" \/><\/a><\/figure><\/div>\t\t\t\t<\/div>\n\t\t\t\t<\/div>\n\t\t\t\t\t<\/div>\n\t\t<\/div>\n\t\t\t\t\t<\/div>\n\t\t<\/section>\n\t\t\t\t<section class=\"elementor-section elementor-inner-section elementor-element elementor-element-d04d4a8 elementor-section-full_width elementor-section-height-default elementor-section-height-default\" data-id=\"d04d4a8\" data-element_type=\"section\" data-e-type=\"section\" data-settings=\"{&quot;background_background&quot;:&quot;classic&quot;}\">\n\t\t\t\t\t\t<div class=\"elementor-container elementor-column-gap-default\">\n\t\t\t\t\t<div class=\"elementor-column elementor-col-25 elementor-inner-column elementor-element elementor-element-209b049\" data-id=\"209b049\" data-element_type=\"column\" data-e-type=\"column\">\n\t\t\t<div class=\"elementor-widget-wrap elementor-element-populated\">\n\t\t\t\t\t\t<div class=\"elementor-element elementor-element-0a6789f elementor-position-top elementor-widget elementor-widget-image-box\" data-id=\"0a6789f\" data-element_type=\"widget\" data-e-type=\"widget\" data-widget_type=\"image-box.default\">\n\t\t\t\t<div class=\"elementor-widget-container\">\n\t\t\t\t\t<div class=\"elementor-image-box-wrapper\"><figure class=\"elementor-image-box-img\"><a href=\"https:\/\/www.rbe.mec.pt\/np4\/home.html\" target=\"_blank\" tabindex=\"-1\" rel=\"noopener\"><img decoding=\"async\" src=\"https:\/\/gilm.pt\/congressolmc\/wp-content\/uploads\/elementor\/thumbs\/rre-r7llphvfqu23778yu06mo1n2f83ovd898n1zosmu9k.jpg\" title=\"rre\" alt=\"rre\" loading=\"lazy\" \/><\/a><\/figure><\/div>\t\t\t\t<\/div>\n\t\t\t\t<\/div>\n\t\t\t\t\t<\/div>\n\t\t<\/div>\n\t\t\t\t<div class=\"elementor-column elementor-col-25 elementor-inner-column elementor-element elementor-element-7e4af2a\" data-id=\"7e4af2a\" data-element_type=\"column\" data-e-type=\"column\">\n\t\t\t<div class=\"elementor-widget-wrap elementor-element-populated\">\n\t\t\t\t\t\t<div class=\"elementor-element elementor-element-70c0085 elementor-position-top elementor-widget elementor-widget-image-box\" data-id=\"70c0085\" data-element_type=\"widget\" data-e-type=\"widget\" data-widget_type=\"image-box.default\">\n\t\t\t\t<div class=\"elementor-widget-container\">\n\t\t\t\t\t<div class=\"elementor-image-box-wrapper\"><figure class=\"elementor-image-box-img\"><a href=\"https:\/\/www.sg.pcm.gov.pt\/\" target=\"_blank\" tabindex=\"-1\" rel=\"noopener\"><img decoding=\"async\" src=\"https:\/\/gilm.pt\/congressolmc\/wp-content\/uploads\/elementor\/thumbs\/PMLlogo-1-r7llpc8eltud9jh5qxqv932auwvhl6lv7v52t4v7aw.jpg\" title=\"PMLlogo-1\" alt=\"PMLlogo-1\" loading=\"lazy\" \/><\/a><\/figure><\/div>\t\t\t\t<\/div>\n\t\t\t\t<\/div>\n\t\t\t\t\t<\/div>\n\t\t<\/div>\n\t\t\t\t<div class=\"elementor-column elementor-col-25 elementor-inner-column elementor-element elementor-element-ce109f7\" data-id=\"ce109f7\" data-element_type=\"column\" data-e-type=\"column\">\n\t\t\t<div class=\"elementor-widget-wrap elementor-element-populated\">\n\t\t\t\t\t\t<div class=\"elementor-element elementor-element-c0b4be9 elementor-position-top elementor-widget elementor-widget-image-box\" data-id=\"c0b4be9\" data-element_type=\"widget\" data-e-type=\"widget\" data-widget_type=\"image-box.default\">\n\t\t\t\t<div class=\"elementor-widget-container\">\n\t\t\t\t\t<div class=\"elementor-image-box-wrapper\"><figure class=\"elementor-image-box-img\"><a href=\"https:\/\/www.pt.pt\" target=\"_blank\" tabindex=\"-1\" rel=\"noopener\"><img decoding=\"async\" src=\"https:\/\/gilm.pt\/congressolmc\/wp-content\/uploads\/elementor\/thumbs\/LOGO-PRETO-RGB-r7llpzqdcoqjbsj0xpwjhf4tpjnnxm75n3g7t1wczc.png\" title=\"LOGO-PRETO-RGB\" alt=\"LOGO-PRETO-RGB\" loading=\"lazy\" \/><\/a><\/figure><\/div>\t\t\t\t<\/div>\n\t\t\t\t<\/div>\n\t\t\t\t\t<\/div>\n\t\t<\/div>\n\t\t\t\t<div class=\"elementor-column elementor-col-25 elementor-inner-column elementor-element elementor-element-9ee9a25\" data-id=\"9ee9a25\" data-element_type=\"column\" data-e-type=\"column\">\n\t\t\t<div class=\"elementor-widget-wrap elementor-element-populated\">\n\t\t\t\t\t\t<div class=\"elementor-element elementor-element-b4116aa elementor-position-top elementor-widget elementor-widget-image-box\" data-id=\"b4116aa\" data-element_type=\"widget\" data-e-type=\"widget\" data-widget_type=\"image-box.default\">\n\t\t\t\t<div class=\"elementor-widget-container\">\n\t\t\t\t\t<div class=\"elementor-image-box-wrapper\"><figure class=\"elementor-image-box-img\"><a href=\"https:\/\/www.uc.pt\/fluc\/\" target=\"_blank\" tabindex=\"-1\" rel=\"noopener\"><img decoding=\"async\" src=\"https:\/\/gilm.pt\/congressolmc\/wp-content\/uploads\/elementor\/thumbs\/FLUC_V_FundoClaro-r7lngmp6s8hf0bjk6amj543mswx7vhv7x4i23v0wc8.png\" title=\"FLUC_V_FundoClaro\" alt=\"FLUC_V_FundoClaro\" loading=\"lazy\" \/><\/a><\/figure><\/div>\t\t\t\t<\/div>\n\t\t\t\t<\/div>\n\t\t\t\t\t<\/div>\n\t\t<\/div>\n\t\t\t\t\t<\/div>\n\t\t<\/section>\n\t\t\t\t\t<\/div>\n\t\t<\/div>\n\t\t\t\t\t<\/div>\n\t\t<\/section>\n\t\t\t\t<\/div>\n\t\t","protected":false},"excerpt":{"rendered":"<p>A s\u00e9tima edi\u00e7\u00e3o do Congresso Literacia, Media e Cidadania \u00e9 organizada pelos quinze membros permanentes do GILM em parceria com a Faculdade de Letras da Universidade de Coimbra.<\/p>\n","protected":false},"author":1,"featured_media":0,"parent":0,"menu_order":0,"comment_status":"closed","ping_status":"closed","template":"","meta":{"footnotes":""},"class_list":["post-28","page","type-page","status-publish","hentry"],"_links":{"self":[{"href":"https:\/\/gilm.pt\/congressolmc\/wp-json\/wp\/v2\/pages\/28","targetHints":{"allow":["GET"]}}],"collection":[{"href":"https:\/\/gilm.pt\/congressolmc\/wp-json\/wp\/v2\/pages"}],"about":[{"href":"https:\/\/gilm.pt\/congressolmc\/wp-json\/wp\/v2\/types\/page"}],"author":[{"embeddable":true,"href":"https:\/\/gilm.pt\/congressolmc\/wp-json\/wp\/v2\/users\/1"}],"replies":[{"embeddable":true,"href":"https:\/\/gilm.pt\/congressolmc\/wp-json\/wp\/v2\/comments?post=28"}],"version-history":[{"count":5,"href":"https:\/\/gilm.pt\/congressolmc\/wp-json\/wp\/v2\/pages\/28\/revisions"}],"predecessor-version":[{"id":8434,"href":"https:\/\/gilm.pt\/congressolmc\/wp-json\/wp\/v2\/pages\/28\/revisions\/8434"}],"wp:attachment":[{"href":"https:\/\/gilm.pt\/congressolmc\/wp-json\/wp\/v2\/media?parent=28"}],"curies":[{"name":"wp","href":"https:\/\/api.w.org\/{rel}","templated":true}]}}