{"id":2918,"date":"2022-10-31T17:15:27","date_gmt":"2022-10-31T17:15:27","guid":{"rendered":"https:\/\/gilm.pt\/congressolmc\/?page_id=2918"},"modified":"2022-11-14T14:07:20","modified_gmt":"2022-11-14T14:07:20","slug":"politica-de-privacidade","status":"publish","type":"page","link":"https:\/\/gilm.pt\/congressolmc\/politica-de-privacidade\/","title":{"rendered":"Pol\u00edtica de Privacidade"},"content":{"rendered":"\t\t<div data-elementor-type=\"wp-page\" data-elementor-id=\"2918\" class=\"elementor elementor-2918\" data-elementor-post-type=\"page\">\n\t\t\t\t\t\t<section class=\"elementor-section elementor-top-section elementor-element elementor-element-c0c4963 elementor-section-boxed elementor-section-height-default elementor-section-height-default\" data-id=\"c0c4963\" data-element_type=\"section\" data-e-type=\"section\" data-settings=\"{&quot;background_background&quot;:&quot;classic&quot;}\">\n\t\t\t\t\t\t\t<div class=\"elementor-background-overlay\"><\/div>\n\t\t\t\t\t\t\t<div class=\"elementor-container elementor-column-gap-no\">\n\t\t\t\t\t<div class=\"elementor-column elementor-col-100 elementor-top-column elementor-element elementor-element-68a7843\" data-id=\"68a7843\" data-element_type=\"column\" data-e-type=\"column\">\n\t\t\t<div class=\"elementor-widget-wrap elementor-element-populated\">\n\t\t\t\t\t\t<section class=\"elementor-section elementor-inner-section elementor-element elementor-element-87f84f9 elementor-section-boxed elementor-section-height-default elementor-section-height-default\" data-id=\"87f84f9\" data-element_type=\"section\" data-e-type=\"section\">\n\t\t\t\t\t\t<div class=\"elementor-container elementor-column-gap-default\">\n\t\t\t\t\t<div class=\"elementor-column elementor-col-100 elementor-inner-column elementor-element elementor-element-478bcf8\" data-id=\"478bcf8\" data-element_type=\"column\" data-e-type=\"column\">\n\t\t\t<div class=\"elementor-widget-wrap elementor-element-populated\">\n\t\t\t\t\t\t<div class=\"elementor-element elementor-element-75dd736 elementor-widget elementor-widget-image\" data-id=\"75dd736\" data-element_type=\"widget\" data-e-type=\"widget\" data-widget_type=\"image.default\">\n\t\t\t\t<div class=\"elementor-widget-container\">\n\t\t\t\t\t\t\t\t\t\t\t\t\t\t\t\t<a href=\"https:\/\/gilm.pt\/congressolmc\">\n\t\t\t\t\t\t\t<img fetchpriority=\"high\" decoding=\"async\" width=\"800\" height=\"422\" src=\"https:\/\/gilm.pt\/congressolmc\/wp-content\/uploads\/2022\/10\/logo-congressolmc.png\" class=\"attachment-large size-large wp-image-2909\" alt=\"\" srcset=\"https:\/\/gilm.pt\/congressolmc\/wp-content\/uploads\/2022\/10\/logo-congressolmc.png 1000w, https:\/\/gilm.pt\/congressolmc\/wp-content\/uploads\/2022\/10\/logo-congressolmc-300x158.png 300w, https:\/\/gilm.pt\/congressolmc\/wp-content\/uploads\/2022\/10\/logo-congressolmc-768x406.png 768w\" sizes=\"(max-width: 800px) 100vw, 800px\" \/>\t\t\t\t\t\t\t\t<\/a>\n\t\t\t\t\t\t\t\t\t\t\t\t\t\t\t<\/div>\n\t\t\t\t<\/div>\n\t\t\t\t\t<\/div>\n\t\t<\/div>\n\t\t\t\t\t<\/div>\n\t\t<\/section>\n\t\t\t\t\t<\/div>\n\t\t<\/div>\n\t\t\t\t\t<\/div>\n\t\t<\/section>\n\t\t\t\t<section class=\"elementor-section elementor-top-section elementor-element elementor-element-91a1dc0 elementor-section-boxed elementor-section-height-default elementor-section-height-default\" data-id=\"91a1dc0\" data-element_type=\"section\" data-e-type=\"section\">\n\t\t\t\t\t\t\t<div class=\"elementor-background-overlay\"><\/div>\n\t\t\t\t\t\t\t<div class=\"elementor-container elementor-column-gap-default\">\n\t\t\t\t\t<div class=\"elementor-column elementor-col-100 elementor-top-column elementor-element elementor-element-3937d5f\" data-id=\"3937d5f\" data-element_type=\"column\" data-e-type=\"column\">\n\t\t\t<div class=\"elementor-widget-wrap elementor-element-populated\">\n\t\t\t\t\t\t<section class=\"elementor-section elementor-inner-section elementor-element elementor-element-4c0c57c elementor-section-boxed elementor-section-height-default elementor-section-height-default\" data-id=\"4c0c57c\" data-element_type=\"section\" data-e-type=\"section\">\n\t\t\t\t\t\t<div class=\"elementor-container elementor-column-gap-default\">\n\t\t\t\t\t<div class=\"elementor-column elementor-col-100 elementor-inner-column elementor-element elementor-element-3252e28\" data-id=\"3252e28\" data-element_type=\"column\" data-e-type=\"column\">\n\t\t\t<div class=\"elementor-widget-wrap elementor-element-populated\">\n\t\t\t\t\t\t<div class=\"elementor-element elementor-element-bec439b elementor-widget elementor-widget-text-editor\" data-id=\"bec439b\" data-element_type=\"widget\" data-e-type=\"widget\" data-widget_type=\"text-editor.default\">\n\t\t\t\t<div class=\"elementor-widget-container\">\n\t\t\t\t\t\t\t\t\t<p>O Grupo Informal sobre Literacia Medi\u00e1tica, adiante designado abreviadamente por GILM, \u00e9 uma rede nacional de parceiros, cujo os membros se encontram divulgados em <a href=\"https:\/\/gilm.pt\/congressolmc\/\">https:\/\/gilm.pt\/congressolmc<\/a> , com objetivo comum de contribuir ativamente para a promo\u00e7\u00e3o da educa\u00e7\u00e3o para os media e de melhores n\u00edveis de literacia medi\u00e1tica em Portugal.<\/p><p>O GILM reconhecem o direito dos cidad\u00e3os \u00e0 prote\u00e7\u00e3o dos seus dados pessoais, assegurando que todos os titulares, que lhe confiam o tratamento dos mesmos, t\u00eam conhecimento da finalidade e do processo de tratamento da informa\u00e7\u00e3o prestada, bem como, quais os direitos que lhes assistem nesta mat\u00e9ria e a forma de exerc\u00edcio dos mesmos, nos termos e em conformidade com o disposto no artigo 8.\u00ba, n.\u00ba1, da Carta dos Direitos Fundamentais da Uni\u00e3o Europeia (\u00abCarta\u00bb), do artigo 16.\u00ba,n.\u00ba1, do Tratado sobre o Funcionamento da Uni\u00e3o Europeia (TFUE), do Regulamento Geral da Prote\u00e7\u00e3o de Dados (RGPD) (EU) 2016\/679 de 27 de Abril de 2016 com as retifica\u00e7\u00f5es que lhe foram introduzidas a 23 de Maio de 2018, da Lei n.\u00ba58\/2019 de 8 de Agosto que assegura a execu\u00e7\u00e3o, na ordem jur\u00eddica nacional, do RGPD, da Lei n.\u00ba59\/2019 de 8 de Agosto que aprova as regras relativas ao tratamento de dados pessoais para efeitos de preven\u00e7\u00e3o, dete\u00e7\u00e3o, investiga\u00e7\u00e3o ou repress\u00e3o de infra\u00e7\u00f5es penais ou de execu\u00e7\u00e3o de san\u00e7\u00f5es penais, e do artigo 35\u00ba da Constitui\u00e7\u00e3o da Rep\u00fablica Portuguesa.<\/p><p>Estamos empenhados na prote\u00e7\u00e3o dos seus dados pessoais, e no respeito pelo exerc\u00edcio do direito \u00e0 privacidade.<\/p><p>A nossa pol\u00edtica de privacidade permite compreender como recolhemos, utilizamos, tratamos e protegemos os seus dados pessoais.<\/p><p><strong>\u00a0<\/strong><\/p><p><strong>Dados pessoais<\/strong><\/p><p>S\u00e3o considerados dados pessoais, as informa\u00e7\u00f5es relativas a uma pessoa singular, identificada ou identific\u00e1vel, direta ou indiretamente, por exemplo, atrav\u00e9s do nome, fotografia, n\u00famero de identifica\u00e7\u00e3o, ou qualquer outro elemento de identidade previsto na legisla\u00e7\u00e3o em vigor.<\/p><p><strong>\u00a0<\/strong><\/p><p><strong>Entidade respons\u00e1vel pelo tratamento<\/strong><\/p><p>A entidade respons\u00e1vel pela recolha e tratamento dos dados \u00e9 o GILM, tendo em conta a natureza, \u00e2mbito, contexto e as finalidades do tratamento dos dados, bem como os riscos para os direitos e liberdades das pessoas singulares, em conformidade com o RGPD.<\/p><p><strong>\u00a0<\/strong><\/p><p><strong>Encarregado de Prote\u00e7\u00e3o de Dados (EPD) \/ Data Protection Officer (DPO)<\/strong><\/p><p>Para as quest\u00f5es relacionadas com o tratamento de dados pessoais e relativas ao exerc\u00edcio de direitos que lhe s\u00e3o conferidos pelo RGPD, poder\u00e1 ser contactado o encarregado de prote\u00e7\u00e3o de dados do GILM: Nuno Pires;\u00a0epd@ipl.pt; +351\u00a0217\u00a0101\u00a0200 ext. 80108; Estrada de Benfica, 529 &#8211; 1549-020 Lisboa.<\/p><p><strong>\u00a0<\/strong><\/p><p><strong>Recolha de dados pessoais<\/strong><\/p><p>O GILM est\u00e1 comprometido com a prote\u00e7\u00e3o da privacidade dos utilizadores dos seus servi\u00e7os, tendo para isso o cuidado de desenvolver\/utilizar tecnologia que ofere\u00e7a as melhores garantias de seguran\u00e7a e privacidade.<\/p><p>Aos utilizadores, na maioria das vezes, \u00e9 dada a possibilidade de navegar no site do GILM sem que seja necess\u00e1rio fornecer os dados pessoais. Por vezes s\u00e3o, no entanto, recolhidas e armazenadas algumas informa\u00e7\u00f5es essenciais para o fornecimento e acesso a servi\u00e7os.<\/p><p><strong>\u00a0<\/strong><\/p><p><strong>Tratamento de dados pessoais<\/strong><\/p><p>O GILM respeita o seu direito \u00e0 privacidade e n\u00e3o recolhe informa\u00e7\u00e3o pessoal, a n\u00e3o ser a que nos forne\u00e7a, voluntariamente, atrav\u00e9s do preenchimento de um formul\u00e1rio, ou outro meio leg\u00edtimo para o efeito. Ao disponibilizar os seus dados pessoais ao GILM, o utilizador reconhece e consente que os mesmos sejam processados de acordo com esta pol\u00edtica de privacidade e tratamento de dados pessoais, tendo a garantia de que os mesmos s\u00f3 v\u00e3o ser utilizados para as finalidades descritas no momento da recolha.<\/p><p>Sempre que forem recolhidos dados pessoais pelo GILM, cuja ced\u00eancia dependa do consentimento do seu titular, \u00e9 dada informa\u00e7\u00e3o sobre as finalidades espec\u00edficas, determinadas, expl\u00edcitas e leg\u00edtimas da recolha.<\/p><p>Caso se justifique o tratamento dos dados pessoais para outro fim, que n\u00e3o o inicialmente descrito, solicitaremos, sempre, o consentimento expl\u00edcito para o mesmo, com exce\u00e7\u00e3o dos casos em que o tratamento seja l\u00edcito sem o consentimento, de acordo com a legisla\u00e7\u00e3o em vigor.<\/p><p><strong>\u00a0<\/strong><\/p><p><strong>Licitude do tratamento dos Dados Pessoais<\/strong><\/p><p>De acordo com a legisla\u00e7\u00e3o vigente sobre prote\u00e7\u00e3o de dados pessoais, o GILM pode, ainda, licitamente, tratar os seus dados pessoais em situa\u00e7\u00f5es espec\u00edficas, como por exemplo, quando:<\/p><ol><li>O tratamento for necess\u00e1rio para a execu\u00e7\u00e3o de um contrato, no qual o titular dos dados for parte, ou para a realiza\u00e7\u00e3o de dilig\u00eancias pr\u00e9-contratuais a pedido do titular dos dados;<\/li><li>O tratamento for necess\u00e1rio para o cumprimento de obriga\u00e7\u00f5es legais do GILM;<\/li><li>O tratamento for necess\u00e1rio para a defesa de interesses vitais do titular dos dados ou de outra pessoa singular;<\/li><li>O tratamento for necess\u00e1rio para fins de arquivo e interesse p\u00fablico, de investiga\u00e7\u00e3o cient\u00edfica ou hist\u00f3rica, ou para fins estat\u00edsticos, nos termos previstos no RGPD.<\/li><\/ol><p><strong>\u00a0<\/strong><\/p><p><strong>Confidencialidade<\/strong><\/p><p>As informa\u00e7\u00f5es recolhidas s\u00e3o para utiliza\u00e7\u00e3o do GILM, de acordo com as finalidades indicadas no momento da recolha ou para cumprimento de obriga\u00e7\u00f5es legais, n\u00e3o efetuando qualquer transfer\u00eancia de dados para fora da esfera dos membros que comp\u00f5em o GILM.<\/p><p>A informa\u00e7\u00e3o recolhida ser\u00e1 tratada de forma confidencial e poder\u00e1 ser acedida, por um conjunto restrito de pessoas, tendo por premissa a necessidade de conhecer.<\/p><p><strong>\u00a0<\/strong><\/p><p><strong>Prote\u00e7\u00e3o da informa\u00e7\u00e3o pessoal<\/strong><\/p><p>O GILM aplicar\u00e1 as medidas t\u00e9cnicas e organizativas adequadas e necess\u00e1rias para proteger as informa\u00e7\u00f5es armazenadas no sistema, contra o acesso, a utiliza\u00e7\u00e3o, a altera\u00e7\u00e3o ou a destrui\u00e7\u00e3o de informa\u00e7\u00f5es pessoais.<\/p><p>Os dados pessoais ser\u00e3o conservados pelo per\u00edodo de tempo m\u00ednimo necess\u00e1rio \u00e0s finalidades espec\u00edficas do tratamento que esteve na base da sua recolha ou tratamento posterior, em cumprimento da legisla\u00e7\u00e3o vigente.<\/p><p><strong>\u00a0<\/strong><\/p><p><strong>Direitos dos titulares dos dados<\/strong><\/p><p>A qualquer momento, o titular dos dados pessoais, tem o direito de requerer o acesso aos mesmos, bem como, a requerer a retifica\u00e7\u00e3o ou o seu\u00a0<em>apagament<\/em>o, a opor-se ao respetivo tratamento, a retirar o seu consentimento e a exercer os demais direitos previstos na Lei, dentro dos limites da legisla\u00e7\u00e3o vigente.<\/p><p>Caso retire o seu consentimento, tal n\u00e3o compromete a licitude do tratamento de dados efetuado, com base no consentimento pr\u00e9vio que foi dado.<\/p><p>O titular dos dados pessoais tem, ainda, o direito a ser notificado em caso de viola\u00e7\u00e3o dos dados pessoais, de acordo e nos termos do RGPD.<\/p><p><strong>\u00a0<\/strong><\/p><p><strong>Aplicabilidade<\/strong><\/p><p>Genericamente, esta pol\u00edtica de privacidade e tratamento de dados pessoais aplica-se a todos os servi\u00e7os fornecidos pelo GILM, sem preju\u00edzo de outras pol\u00edticas, acordos e legisla\u00e7\u00e3o aplic\u00e1veis em contextos mais espec\u00edficos de recolha e de tratamento de dados pessoais.<\/p><p><strong>\u00a0<\/strong><\/p><p><strong>Altera\u00e7\u00f5es a esta pol\u00edtica<\/strong><\/p><p>O GILM pode alterar a pol\u00edtica de privacidade e tratamento de dados pessoais, sempre que, t\u00e9cnica ou legalmente seja justific\u00e1vel.<\/p><p>As altera\u00e7\u00f5es aplicam-se a novo tratamento de dados pessoais sendo que, se tiverem impacto no tratamento de dados pessoais j\u00e1 recolhidos, o GILM informar\u00e1 o titular dos mesmos, destas altera\u00e7\u00f5es, para que o mesmo possa dar o consentimento expl\u00edcito, ou fazer valer o seu direito de oposi\u00e7\u00e3o ou de\u00a0<em>apagamento<\/em>.<\/p><p><strong>\u00a0<\/strong><\/p><p><strong>Recolha de informa\u00e7\u00e3o t\u00e9cnica \/ an\u00f3nima<\/strong><\/p><p>Este site recolhe informa\u00e7\u00f5es an\u00f3nimas sobre os seus visitantes, que s\u00e3o disponibilizadas pelos navegadores e servidores web, como por exemplo, tipo de navegador, prefer\u00eancias de idioma, site de origem, p\u00e1ginas visitadas, dura\u00e7\u00e3o da(s) visita(s), data e hora de cada pedido, termos de pesquisa, entre outras. N\u00e3o \u00e9 recolhida qualquer informa\u00e7\u00e3o, de forma intencional, que possa ser utilizada para identificar os visitantes do site. A recolha destas informa\u00e7\u00f5es \u00e9 feita com o objetivo de compreender como os nossos utilizadores utilizam o site, com o objetivo de melhorar a qualidade e utilidade dos servi\u00e7os que prestamos.<\/p><p>N\u00e3o obstante \u00e0 informa\u00e7\u00e3o, an\u00f3nima, recolhida e tratada na nossa plataforma de\u00a0<em>Web Analytics<\/em>, pode ser recolhida informa\u00e7\u00e3o t\u00e9cnica sobre a(s) sua(s) visita(s) por parte da infraestrutura tecnol\u00f3gica que suporta o sistema. O GILM n\u00e3o partilha estas informa\u00e7\u00f5es com terceiros, sem preju\u00edzo dos requisitos legais impostos pela legisla\u00e7\u00e3o vigente (ou seja, esta informa\u00e7\u00e3o pode ser partilhada com as autoridades p\u00fablicas competentes, em cumprimento da legisla\u00e7\u00e3o Portuguesa e Europeia).<\/p><p><strong>\u00a0<\/strong><\/p><p><strong>Utiliza\u00e7\u00e3o de\u00a0<em>cookies<\/em><\/strong><\/p><p>Quando utiliza este site armazenamos\u00a0<strong><em>cookies<\/em><\/strong>\u00a0(pequenos ficheiros com informa\u00e7\u00e3o) no seu dispositivo de acesso, que nos permitem, por exemplo, perceber se pretende ou n\u00e3o contribuir com informa\u00e7\u00f5es an\u00f3nimas para a nossa plataforma de\u00a0<em>Web Analytics<\/em>, se est\u00e1 ou n\u00e3o autenticado no site, entre outros.<\/p><p>Na nossa implementa\u00e7\u00e3o, tanto os\u00a0<em>cookies<\/em>\u00a0t\u00e9cnicos como os\u00a0<em>cookies<\/em>\u00a0de an\u00e1lise, n\u00e3o cont\u00eam dados pessoais e s\u00e3o transferidos de forma segura. Relativamente aos\u00a0<em>cookies<\/em>\u00a0de terceiros, os mesmos n\u00e3o s\u00e3o geridos pelo nosso sistema, pelo que podem ter uma pol\u00edtica de\u00a0<em>cookies<\/em>\u00a0e de privacidade pr\u00f3pria, fora do \u00e2mbito de aplicabilidade da pol\u00edtica do GILM. \u00c9 de ressalvar que o nosso sistema n\u00e3o envia dados pessoais, em quaisquer circunst\u00e2ncias, e de forma intencional a servi\u00e7os externos.<\/p><p>Os\u00a0<em>cookies<\/em>\u00a0podem ser bloqueados e\/ou desativados recorrendo \u00e0s defini\u00e7\u00f5es ou complementos do seu navegador.\u00a0Consulte a documenta\u00e7\u00e3o do seu navegador para mais informa\u00e7\u00f5es.<\/p>\t\t\t\t\t\t\t\t<\/div>\n\t\t\t\t<\/div>\n\t\t\t\t\t<\/div>\n\t\t<\/div>\n\t\t\t\t\t<\/div>\n\t\t<\/section>\n\t\t\t\t\t<\/div>\n\t\t<\/div>\n\t\t\t\t\t<\/div>\n\t\t<\/section>\n\t\t\t\t<\/div>\n\t\t","protected":false},"excerpt":{"rendered":"<p>O Grupo Informal sobre Literacia Medi\u00e1tica, adiante designado abreviadamente por GILM, \u00e9 uma rede nacional de parceiros, cujo os membros se encontram divulgados em https:\/\/gilm.pt\/congressolmc , com objetivo comum de contribuir ativamente para a promo\u00e7\u00e3o da educa\u00e7\u00e3o para os media e de melhores n\u00edveis de literacia medi\u00e1tica em Portugal. O GILM reconhecem o direito dos [&hellip;]<\/p>\n","protected":false},"author":1,"featured_media":0,"parent":0,"menu_order":0,"comment_status":"closed","ping_status":"closed","template":"elementor_canvas","meta":{"footnotes":""},"class_list":["post-2918","page","type-page","status-publish","hentry"],"_links":{"self":[{"href":"https:\/\/gilm.pt\/congressolmc\/wp-json\/wp\/v2\/pages\/2918","targetHints":{"allow":["GET"]}}],"collection":[{"href":"https:\/\/gilm.pt\/congressolmc\/wp-json\/wp\/v2\/pages"}],"about":[{"href":"https:\/\/gilm.pt\/congressolmc\/wp-json\/wp\/v2\/types\/page"}],"author":[{"embeddable":true,"href":"https:\/\/gilm.pt\/congressolmc\/wp-json\/wp\/v2\/users\/1"}],"replies":[{"embeddable":true,"href":"https:\/\/gilm.pt\/congressolmc\/wp-json\/wp\/v2\/comments?post=2918"}],"version-history":[{"count":5,"href":"https:\/\/gilm.pt\/congressolmc\/wp-json\/wp\/v2\/pages\/2918\/revisions"}],"predecessor-version":[{"id":3979,"href":"https:\/\/gilm.pt\/congressolmc\/wp-json\/wp\/v2\/pages\/2918\/revisions\/3979"}],"wp:attachment":[{"href":"https:\/\/gilm.pt\/congressolmc\/wp-json\/wp\/v2\/media?parent=2918"}],"curies":[{"name":"wp","href":"https:\/\/api.w.org\/{rel}","templated":true}]}}