{"id":30,"date":"2016-07-27T08:59:29","date_gmt":"2016-07-27T08:59:29","guid":{"rendered":"https:\/\/4congressolmc.wordpress.com\/?page_id=30"},"modified":"2025-11-17T14:12:44","modified_gmt":"2025-11-17T14:12:44","slug":"contactos","status":"publish","type":"page","link":"https:\/\/gilm.pt\/congressolmc\/contactos\/","title":{"rendered":"Contactos"},"content":{"rendered":"\t\t<div data-elementor-type=\"wp-page\" data-elementor-id=\"30\" class=\"elementor elementor-30\" data-elementor-post-type=\"page\">\n\t\t\t\t\t\t<section class=\"elementor-section elementor-top-section elementor-element elementor-element-312608b elementor-section-boxed elementor-section-height-default elementor-section-height-default\" data-id=\"312608b\" data-element_type=\"section\" data-e-type=\"section\">\n\t\t\t\t\t\t<div class=\"elementor-container elementor-column-gap-default\">\n\t\t\t\t\t<div class=\"elementor-column elementor-col-50 elementor-top-column elementor-element elementor-element-feade4f\" data-id=\"feade4f\" data-element_type=\"column\" data-e-type=\"column\">\n\t\t\t<div class=\"elementor-widget-wrap elementor-element-populated\">\n\t\t\t\t\t\t<div class=\"elementor-element elementor-element-df4ab2a elementor-widget elementor-widget-heading\" data-id=\"df4ab2a\" data-element_type=\"widget\" data-e-type=\"widget\" data-widget_type=\"heading.default\">\n\t\t\t\t<div class=\"elementor-widget-container\">\n\t\t\t\t\t<h4 class=\"elementor-heading-title elementor-size-default\">Fale connosco<\/h4>\t\t\t\t<\/div>\n\t\t\t\t<\/div>\n\t\t\t\t<div class=\"elementor-element elementor-element-b41a448 elementor-widget-divider--view-line elementor-widget elementor-widget-divider\" data-id=\"b41a448\" data-element_type=\"widget\" data-e-type=\"widget\" data-widget_type=\"divider.default\">\n\t\t\t\t<div class=\"elementor-widget-container\">\n\t\t\t\t\t\t\t<div class=\"elementor-divider\">\n\t\t\t<span class=\"elementor-divider-separator\">\n\t\t\t\t\t\t<\/span>\n\t\t<\/div>\n\t\t\t\t\t\t<\/div>\n\t\t\t\t<\/div>\n\t\t\t\t<div class=\"elementor-element elementor-element-74f4197 elementor-widget elementor-widget-text-editor\" data-id=\"74f4197\" data-element_type=\"widget\" data-e-type=\"widget\" data-widget_type=\"text-editor.default\">\n\t\t\t\t<div class=\"elementor-widget-container\">\n\t\t\t\t\t\t\t\t\t<p><b>Organiza\u00e7\u00e3o Congresso:<\/b><\/p><p><a href=\"mailto:congressolmc@gilm.pt\"><span style=\"font-weight: 400;\">congressolmc@gilm.pt<\/span><\/a><\/p><p><a href=\"mailto:inscricoes.lmc@gilm.pt\" target=\"_blank\" rel=\"noopener\">inscricoes.lmc@gilm.pt<\/a><\/p><p>\u00a0<\/p>\t\t\t\t\t\t\t\t<\/div>\n\t\t\t\t<\/div>\n\t\t\t\t\t<\/div>\n\t\t<\/div>\n\t\t\t\t<div class=\"elementor-column elementor-col-50 elementor-top-column elementor-element elementor-element-eef304c\" data-id=\"eef304c\" data-element_type=\"column\" data-e-type=\"column\" data-settings=\"{&quot;background_background&quot;:&quot;classic&quot;}\">\n\t\t\t<div class=\"elementor-widget-wrap elementor-element-populated\">\n\t\t\t\t\t\t<div class=\"elementor-element elementor-element-38b7bf4 elementor-button-align-stretch elementor-widget elementor-widget-form\" data-id=\"38b7bf4\" data-element_type=\"widget\" data-e-type=\"widget\" data-settings=\"{&quot;step_next_label&quot;:&quot;Next&quot;,&quot;step_previous_label&quot;:&quot;Anterior&quot;,&quot;button_width&quot;:&quot;100&quot;,&quot;step_type&quot;:&quot;number_text&quot;,&quot;step_icon_shape&quot;:&quot;circle&quot;}\" data-widget_type=\"form.default\">\n\t\t\t\t<div class=\"elementor-widget-container\">\n\t\t\t\t\t\t\t<form class=\"elementor-form\" method=\"post\" name=\"Contactos\" aria-label=\"Contactos\">\n\t\t\t<input type=\"hidden\" name=\"post_id\" value=\"30\"\/>\n\t\t\t<input type=\"hidden\" name=\"form_id\" value=\"38b7bf4\"\/>\n\t\t\t<input type=\"hidden\" name=\"referer_title\" value=\"\" \/>\n\n\t\t\t\n\t\t\t<div class=\"elementor-form-fields-wrapper elementor-labels-\">\n\t\t\t\t\t\t\t\t<div class=\"elementor-field-type-text elementor-field-group elementor-column elementor-field-group-nome elementor-col-100\">\n\t\t\t\t\t\t\t\t\t\t\t\t<label for=\"form-field-nome\" class=\"elementor-field-label elementor-screen-only\">\n\t\t\t\t\t\t\t\tNome\t\t\t\t\t\t\t<\/label>\n\t\t\t\t\t\t\t\t\t\t\t\t\t\t<input size=\"1\" type=\"text\" name=\"form_fields[nome]\" id=\"form-field-nome\" class=\"elementor-field elementor-size-sm  elementor-field-textual\" placeholder=\"O seu nome\">\n\t\t\t\t\t\t\t\t\t\t\t<\/div>\n\t\t\t\t\t\t\t\t<div class=\"elementor-field-type-email elementor-field-group elementor-column elementor-field-group-email elementor-col-100 elementor-field-required\">\n\t\t\t\t\t\t\t\t\t\t\t\t<label for=\"form-field-email\" class=\"elementor-field-label elementor-screen-only\">\n\t\t\t\t\t\t\t\tEmail\t\t\t\t\t\t\t<\/label>\n\t\t\t\t\t\t\t\t\t\t\t\t\t\t<input size=\"1\" type=\"email\" name=\"form_fields[email]\" id=\"form-field-email\" class=\"elementor-field elementor-size-sm  elementor-field-textual\" placeholder=\"E-mail\" required=\"required\">\n\t\t\t\t\t\t\t\t\t\t\t<\/div>\n\t\t\t\t\t\t\t\t<div class=\"elementor-field-type-textarea elementor-field-group elementor-column elementor-field-group-mensagem elementor-col-100\">\n\t\t\t\t\t\t\t\t\t\t\t\t<label for=\"form-field-mensagem\" class=\"elementor-field-label elementor-screen-only\">\n\t\t\t\t\t\t\t\tMensagem\t\t\t\t\t\t\t<\/label>\n\t\t\t\t\t\t<textarea class=\"elementor-field-textual elementor-field  elementor-size-sm\" name=\"form_fields[mensagem]\" id=\"form-field-mensagem\" rows=\"5\" placeholder=\"Escreva a sua mensagem aqui...\"><\/textarea>\t\t\t\t<\/div>\n\t\t\t\t\t\t\t\t<div class=\"elementor-field-type-recaptcha elementor-field-group elementor-column elementor-field-group-field_42a4681 elementor-col-100\">\n\t\t\t\t\t<div class=\"elementor-field\" id=\"form-field-field_42a4681\"><div class=\"elementor-g-recaptcha\" data-sitekey=\"6LfRSIYrAAAAALvdXZYUWZpTcloRB95t6knZeKHd\" data-type=\"v2_checkbox\" data-theme=\"light\" data-size=\"normal\"><\/div><\/div>\t\t\t\t<\/div>\n\t\t\t\t\t\t\t\t<div class=\"elementor-field-group elementor-column elementor-field-type-submit elementor-col-100 e-form__buttons\">\n\t\t\t\t\t<button class=\"elementor-button elementor-size-sm\" type=\"submit\">\n\t\t\t\t\t\t<span class=\"elementor-button-content-wrapper\">\n\t\t\t\t\t\t\t\t\t\t\t\t\t\t\t\t\t\t\t\t\t\t<span class=\"elementor-button-text\">Enviar<\/span>\n\t\t\t\t\t\t\t\t\t\t\t\t\t<\/span>\n\t\t\t\t\t<\/button>\n\t\t\t\t<\/div>\n\t\t\t<\/div>\n\t\t<\/form>\n\t\t\t\t\t\t<\/div>\n\t\t\t\t<\/div>\n\t\t\t\t\t<\/div>\n\t\t<\/div>\n\t\t\t\t\t<\/div>\n\t\t<\/section>\n\t\t\t\t<section class=\"elementor-section elementor-top-section elementor-element elementor-element-4d82ea82 elementor-section-boxed elementor-section-height-default elementor-section-height-default\" data-id=\"4d82ea82\" data-element_type=\"section\" data-e-type=\"section\" data-settings=\"{&quot;background_background&quot;:&quot;classic&quot;}\">\n\t\t\t\t\t\t<div class=\"elementor-container elementor-column-gap-default\">\n\t\t\t\t\t<div class=\"elementor-column elementor-col-50 elementor-top-column elementor-element elementor-element-133d9c6\" data-id=\"133d9c6\" data-element_type=\"column\" data-e-type=\"column\">\n\t\t\t<div class=\"elementor-widget-wrap elementor-element-populated\">\n\t\t\t\t\t\t<div class=\"elementor-element elementor-element-e1d2272 elementor-widget elementor-widget-heading\" data-id=\"e1d2272\" data-element_type=\"widget\" data-e-type=\"widget\" data-widget_type=\"heading.default\">\n\t\t\t\t<div class=\"elementor-widget-container\">\n\t\t\t\t\t<h4 class=\"elementor-heading-title elementor-size-default\">Como chegar:<\/h4>\t\t\t\t<\/div>\n\t\t\t\t<\/div>\n\t\t\t\t<div class=\"elementor-element elementor-element-fe3ba17 elementor-widget-divider--view-line elementor-widget elementor-widget-divider\" data-id=\"fe3ba17\" data-element_type=\"widget\" data-e-type=\"widget\" data-widget_type=\"divider.default\">\n\t\t\t\t<div class=\"elementor-widget-container\">\n\t\t\t\t\t\t\t<div class=\"elementor-divider\">\n\t\t\t<span class=\"elementor-divider-separator\">\n\t\t\t\t\t\t<\/span>\n\t\t<\/div>\n\t\t\t\t\t\t<\/div>\n\t\t\t\t<\/div>\n\t\t\t\t<div class=\"elementor-element elementor-element-46865f9 elementor-widget elementor-widget-text-editor\" data-id=\"46865f9\" data-element_type=\"widget\" data-e-type=\"widget\" data-widget_type=\"text-editor.default\">\n\t\t\t\t<div class=\"elementor-widget-container\">\n\t\t\t\t\t\t\t\t\t<p><strong><img decoding=\"async\" class=\"align-left alignleft\" src=\"https:\/\/www.escs.ipl.pt\/sites\/default\/files\/inline-images\/comboio1.png\" alt=\"comboio\" width=\"18\" height=\"24\" data-entity-type=\"file\" data-entity-uuid=\"220fdd0a-3d9d-4322-8408-c03c17c8d168\" \/>Comboio<br \/><\/strong>Esta\u00e7\u00e3o Coimbra-B<br \/>Bilhetes: <a href=\"https:\/\/www.cp.pt\/pt\" target=\"_blank\" rel=\"noopener\">CP<\/a><\/p>\t\t\t\t\t\t\t\t<\/div>\n\t\t\t\t<\/div>\n\t\t\t\t<div class=\"elementor-element elementor-element-8487093 elementor-widget elementor-widget-text-editor\" data-id=\"8487093\" data-element_type=\"widget\" data-e-type=\"widget\" data-widget_type=\"text-editor.default\">\n\t\t\t\t<div class=\"elementor-widget-container\">\n\t\t\t\t\t\t\t\t\t<p><strong style=\"background-color: var( --e-global-color-5bc699f ); font-size: 18px;\"><strong><img decoding=\"async\" class=\"align-left alignleft\" src=\"https:\/\/www.escs.ipl.pt\/sites\/default\/files\/inline-images\/autocarro1.png\" alt=\"autocarro\" width=\"18\" height=\"21\" data-entity-type=\"file\" data-entity-uuid=\"f69a0ffd-8334-4002-bfa8-e9fcba93ee0c\" \/><\/strong><\/strong><strong>Autocarro\/Expresso<br \/><\/strong>Terminal rodovi\u00e1rio de Coimbra<br \/>Bilhetes: <a href=\"https:\/\/rede-expressos.pt\/pt\" target=\"_blank\" rel=\"noopener\">Rede Expressos<\/a> ou <a href=\"https:\/\/www.flixbus.pt\/\" target=\"_blank\" rel=\"noopener\">FlixBus<\/a><\/p>\t\t\t\t\t\t\t\t<\/div>\n\t\t\t\t<\/div>\n\t\t\t\t<div class=\"elementor-element elementor-element-66755ce elementor-widget elementor-widget-text-editor\" data-id=\"66755ce\" data-element_type=\"widget\" data-e-type=\"widget\" data-widget_type=\"text-editor.default\">\n\t\t\t\t<div class=\"elementor-widget-container\">\n\t\t\t\t\t\t\t\t\t<p><strong><img decoding=\"async\" class=\"align-left alignleft\" src=\"https:\/\/www.escs.ipl.pt\/sites\/default\/files\/inline-images\/autocarro1.png\" alt=\"autocarro\" width=\"18\" height=\"21\" data-entity-type=\"file\" data-entity-uuid=\"f69a0ffd-8334-4002-bfa8-e9fcba93ee0c\" \/> Transportes urbanos<br \/><\/strong>Algumas linhas que passam na Universidade:<\/p><ul><li>Linha 5<\/li><li>Linha 28<\/li><li>Linha do Bot\u00e2nico<\/li><\/ul><p>Consultar rede, percursos e hor\u00e1rios <a href=\"https:\/\/www.smtuc.pt\/rede-e-horarios\/\" target=\"_blank\" rel=\"noopener\">aqui<\/a>.<br \/>Os bilhetes podem ser comprados ao motorista.<\/p>\t\t\t\t\t\t\t\t<\/div>\n\t\t\t\t<\/div>\n\t\t\t\t<div class=\"elementor-element elementor-element-b3f0640 elementor-widget elementor-widget-text-editor\" data-id=\"b3f0640\" data-element_type=\"widget\" data-e-type=\"widget\" data-widget_type=\"text-editor.default\">\n\t\t\t\t<div class=\"elementor-widget-container\">\n\t\t\t\t\t\t\t\t\t<p><strong style=\"background-color: var( --e-global-color-5bc699f ); font-size: 18px;\"><strong><img decoding=\"async\" class=\"align-left alignleft\" src=\"https:\/\/www.escs.ipl.pt\/sites\/default\/files\/inline-images\/autocarro1.png\" alt=\"autocarro\" width=\"18\" height=\"21\" data-entity-type=\"file\" data-entity-uuid=\"f69a0ffd-8334-4002-bfa8-e9fcba93ee0c\" \/><\/strong><\/strong><strong>T\u00e1xi\/TVDE<br \/><\/strong>Dispon\u00edveis na cidade de Coimbra.<br \/>Endere\u00e7o a indicar: Largo Porta F\u00e9rrea, 3000-370 Coimbra (Faculdade de Letras da Universidade de Coimbra)\u00a0<\/p>\t\t\t\t\t\t\t\t<\/div>\n\t\t\t\t<\/div>\n\t\t\t\t\t<\/div>\n\t\t<\/div>\n\t\t\t\t<div class=\"elementor-column elementor-col-50 elementor-top-column elementor-element elementor-element-1275e746\" data-id=\"1275e746\" data-element_type=\"column\" data-e-type=\"column\" data-settings=\"{&quot;background_background&quot;:&quot;classic&quot;}\">\n\t\t\t<div class=\"elementor-widget-wrap elementor-element-populated\">\n\t\t\t\t\t\t<div class=\"elementor-element elementor-element-818887e elementor-widget elementor-widget-google_maps\" data-id=\"818887e\" data-element_type=\"widget\" data-e-type=\"widget\" data-widget_type=\"google_maps.default\">\n\t\t\t\t<div class=\"elementor-widget-container\">\n\t\t\t\t\t\t\t<div class=\"elementor-custom-embed\">\n\t\t\t<iframe loading=\"lazy\"\n\t\t\t\t\tsrc=\"https:\/\/maps.google.com\/maps?q=faculdade%20de%20letras%20da%20universidade%20de%20coimbra&#038;t=m&#038;z=10&#038;output=embed&#038;iwloc=near\"\n\t\t\t\t\ttitle=\"faculdade de letras da universidade de coimbra\"\n\t\t\t\t\taria-label=\"faculdade de letras da universidade de coimbra\"\n\t\t\t><\/iframe>\n\t\t<\/div>\n\t\t\t\t\t\t<\/div>\n\t\t\t\t<\/div>\n\t\t\t\t\t<\/div>\n\t\t<\/div>\n\t\t\t\t\t<\/div>\n\t\t<\/section>\n\t\t\t\t<\/div>\n\t\t","protected":false},"excerpt":{"rendered":"<p>Fale connosco Organiza\u00e7\u00e3o Congresso: congressolmc@gilm.pt inscricoes.lmc@gilm.pt \u00a0 Como chegar: ComboioEsta\u00e7\u00e3o Coimbra-BBilhetes: CP Autocarro\/ExpressoTerminal rodovi\u00e1rio de CoimbraBilhetes: Rede Expressos ou FlixBus Transportes urbanosAlgumas linhas que passam na Universidade: Linha 5 Linha 28 Linha do Bot\u00e2nico Consultar rede, percursos e hor\u00e1rios aqui.Os bilhetes podem ser comprados ao motorista. T\u00e1xi\/TVDEDispon\u00edveis na cidade de Coimbra.Endere\u00e7o a indicar: Largo Porta [&hellip;]<\/p>\n","protected":false},"author":1,"featured_media":0,"parent":0,"menu_order":5,"comment_status":"closed","ping_status":"closed","template":"","meta":{"footnotes":""},"class_list":["post-30","page","type-page","status-publish","hentry"],"_links":{"self":[{"href":"https:\/\/gilm.pt\/congressolmc\/wp-json\/wp\/v2\/pages\/30","targetHints":{"allow":["GET"]}}],"collection":[{"href":"https:\/\/gilm.pt\/congressolmc\/wp-json\/wp\/v2\/pages"}],"about":[{"href":"https:\/\/gilm.pt\/congressolmc\/wp-json\/wp\/v2\/types\/page"}],"author":[{"embeddable":true,"href":"https:\/\/gilm.pt\/congressolmc\/wp-json\/wp\/v2\/users\/1"}],"replies":[{"embeddable":true,"href":"https:\/\/gilm.pt\/congressolmc\/wp-json\/wp\/v2\/comments?post=30"}],"version-history":[{"count":5,"href":"https:\/\/gilm.pt\/congressolmc\/wp-json\/wp\/v2\/pages\/30\/revisions"}],"predecessor-version":[{"id":8681,"href":"https:\/\/gilm.pt\/congressolmc\/wp-json\/wp\/v2\/pages\/30\/revisions\/8681"}],"wp:attachment":[{"href":"https:\/\/gilm.pt\/congressolmc\/wp-json\/wp\/v2\/media?parent=30"}],"curies":[{"name":"wp","href":"https:\/\/api.w.org\/{rel}","templated":true}]}}