{"id":357,"date":"2016-10-26T10:45:17","date_gmt":"2016-10-26T10:45:17","guid":{"rendered":"https:\/\/4congressolmc.wordpress.com\/?page_id=357"},"modified":"2023-01-23T16:28:29","modified_gmt":"2023-01-23T16:28:29","slug":"destinatarios","status":"publish","type":"page","link":"https:\/\/gilm.pt\/congressolmc\/comunicacoes-livres\/destinatarios\/","title":{"rendered":"Destinat\u00e1rios"},"content":{"rendered":"\n<ul class=\"wp-block-list\">\n<li>Professores<\/li>\n\n\n\n<li>Estudantes<\/li>\n\n\n\n<li>Bibliotec\u00e1rios<\/li>\n\n\n\n<li>Jornalistas e outros profissionais dos media<\/li>\n\n\n\n<li>Investigadores<\/li>\n\n\n\n<li>Estruturas representativas dos pais e encarregados de educa\u00e7\u00e3o<\/li>\n\n\n\n<li>Decisores pol\u00edticos nos campos da comunica\u00e7\u00e3o e da educa\u00e7\u00e3o<\/li>\n\n\n\n<li>Animadores e agentes culturais<\/li>\n\n\n\n<li>Todos os que se preocupam com o presente e o futuro da literacia, media e cidadania<br><br><\/li>\n<\/ul>\n\n\n\n<figure class=\"wp-block-image alignleft size-large is-resized\"><img fetchpriority=\"high\" decoding=\"async\" src=\"https:\/\/gilm.pt\/congressolmc\/wp-content\/uploads\/2023\/01\/3congresso_Lit_Med_Cid_ERC_GBD080-1024x682.jpg\" alt=\"\" class=\"wp-image-4938\" width=\"823\" height=\"548\" srcset=\"https:\/\/gilm.pt\/congressolmc\/wp-content\/uploads\/2023\/01\/3congresso_Lit_Med_Cid_ERC_GBD080-1024x682.jpg 1024w, https:\/\/gilm.pt\/congressolmc\/wp-content\/uploads\/2023\/01\/3congresso_Lit_Med_Cid_ERC_GBD080-300x200.jpg 300w, https:\/\/gilm.pt\/congressolmc\/wp-content\/uploads\/2023\/01\/3congresso_Lit_Med_Cid_ERC_GBD080-768x512.jpg 768w, https:\/\/gilm.pt\/congressolmc\/wp-content\/uploads\/2023\/01\/3congresso_Lit_Med_Cid_ERC_GBD080-600x400.jpg 600w, https:\/\/gilm.pt\/congressolmc\/wp-content\/uploads\/2023\/01\/3congresso_Lit_Med_Cid_ERC_GBD080.jpg 1280w\" sizes=\"(max-width: 823px) 100vw, 823px\" \/><figcaption class=\"wp-element-caption\">Grupo de trabalho durante o III Congresso Literacia, Media e Cidadania<\/figcaption><\/figure>\n","protected":false},"excerpt":{"rendered":"","protected":false},"author":1,"featured_media":0,"parent":22,"menu_order":0,"comment_status":"closed","ping_status":"closed","template":"","meta":{"footnotes":""},"class_list":["post-357","page","type-page","status-publish","hentry"],"_links":{"self":[{"href":"https:\/\/gilm.pt\/congressolmc\/wp-json\/wp\/v2\/pages\/357","targetHints":{"allow":["GET"]}}],"collection":[{"href":"https:\/\/gilm.pt\/congressolmc\/wp-json\/wp\/v2\/pages"}],"about":[{"href":"https:\/\/gilm.pt\/congressolmc\/wp-json\/wp\/v2\/types\/page"}],"author":[{"embeddable":true,"href":"https:\/\/gilm.pt\/congressolmc\/wp-json\/wp\/v2\/users\/1"}],"replies":[{"embeddable":true,"href":"https:\/\/gilm.pt\/congressolmc\/wp-json\/wp\/v2\/comments?post=357"}],"version-history":[{"count":5,"href":"https:\/\/gilm.pt\/congressolmc\/wp-json\/wp\/v2\/pages\/357\/revisions"}],"predecessor-version":[{"id":5320,"href":"https:\/\/gilm.pt\/congressolmc\/wp-json\/wp\/v2\/pages\/357\/revisions\/5320"}],"up":[{"embeddable":true,"href":"https:\/\/gilm.pt\/congressolmc\/wp-json\/wp\/v2\/pages\/22"}],"wp:attachment":[{"href":"https:\/\/gilm.pt\/congressolmc\/wp-json\/wp\/v2\/media?parent=357"}],"curies":[{"name":"wp","href":"https:\/\/api.w.org\/{rel}","templated":true}]}}