{"id":3946,"date":"2022-11-15T19:11:20","date_gmt":"2022-11-15T19:11:20","guid":{"rendered":"https:\/\/gilm.pt\/congressolmc\/?page_id=3946"},"modified":"2025-09-16T13:14:28","modified_gmt":"2025-09-16T13:14:28","slug":"chamada-de-trabalhos","status":"publish","type":"page","link":"https:\/\/gilm.pt\/congressolmc\/chamada-de-trabalhos\/","title":{"rendered":"Chamada de trabalhos"},"content":{"rendered":"\t\t<div data-elementor-type=\"wp-page\" data-elementor-id=\"3946\" class=\"elementor elementor-3946\" data-elementor-post-type=\"page\">\n\t\t\t\t\t\t<section class=\"elementor-section elementor-top-section elementor-element elementor-element-00b5447 elementor-section-boxed elementor-section-height-default elementor-section-height-default\" data-id=\"00b5447\" data-element_type=\"section\" data-e-type=\"section\" data-settings=\"{&quot;background_background&quot;:&quot;classic&quot;}\">\n\t\t\t\t\t\t\t<div class=\"elementor-background-overlay\"><\/div>\n\t\t\t\t\t\t\t<div class=\"elementor-container elementor-column-gap-no\">\n\t\t\t\t\t<div class=\"elementor-column elementor-col-100 elementor-top-column elementor-element elementor-element-f63c70a\" data-id=\"f63c70a\" data-element_type=\"column\" data-e-type=\"column\">\n\t\t\t<div class=\"elementor-widget-wrap elementor-element-populated\">\n\t\t\t\t\t\t<section class=\"elementor-section elementor-inner-section elementor-element elementor-element-7b2aef1 elementor-section-full_width elementor-section-height-default elementor-section-height-default\" data-id=\"7b2aef1\" data-element_type=\"section\" data-e-type=\"section\">\n\t\t\t\t\t\t<div class=\"elementor-container elementor-column-gap-default\">\n\t\t\t\t\t<div class=\"elementor-column elementor-col-33 elementor-inner-column elementor-element elementor-element-34e2d37\" data-id=\"34e2d37\" data-element_type=\"column\" data-e-type=\"column\">\n\t\t\t<div class=\"elementor-widget-wrap elementor-element-populated\">\n\t\t\t\t\t\t<div class=\"elementor-element elementor-element-f8c18b6 elementor-widget elementor-widget-image\" data-id=\"f8c18b6\" data-element_type=\"widget\" data-e-type=\"widget\" data-widget_type=\"image.default\">\n\t\t\t\t<div class=\"elementor-widget-container\">\n\t\t\t\t\t\t\t\t\t\t\t\t\t\t\t<img fetchpriority=\"high\" decoding=\"async\" width=\"500\" height=\"262\" src=\"https:\/\/gilm.pt\/congressolmc\/wp-content\/uploads\/2022\/11\/logo-GILM-promotor2.png\" class=\"attachment-large size-large wp-image-3779\" alt=\"\" srcset=\"https:\/\/gilm.pt\/congressolmc\/wp-content\/uploads\/2022\/11\/logo-GILM-promotor2.png 500w, https:\/\/gilm.pt\/congressolmc\/wp-content\/uploads\/2022\/11\/logo-GILM-promotor2-300x157.png 300w\" sizes=\"(max-width: 500px) 100vw, 500px\" \/>\t\t\t\t\t\t\t\t\t\t\t\t\t\t\t<\/div>\n\t\t\t\t<\/div>\n\t\t\t\t\t<\/div>\n\t\t<\/div>\n\t\t\t\t<div class=\"elementor-column elementor-col-33 elementor-inner-column elementor-element elementor-element-753b997\" data-id=\"753b997\" data-element_type=\"column\" data-e-type=\"column\">\n\t\t\t<div class=\"elementor-widget-wrap elementor-element-populated\">\n\t\t\t\t\t\t<div class=\"elementor-element elementor-element-3bd2ef6 elementor-align-end elementor-tablet-align-end elementor-mobile-align-center elementor-icon-list--layout-traditional elementor-list-item-link-full_width elementor-widget elementor-widget-icon-list\" data-id=\"3bd2ef6\" data-element_type=\"widget\" data-e-type=\"widget\" data-widget_type=\"icon-list.default\">\n\t\t\t\t<div class=\"elementor-widget-container\">\n\t\t\t\t\t\t\t<ul class=\"elementor-icon-list-items\">\n\t\t\t\t\t\t\t<li class=\"elementor-icon-list-item\">\n\t\t\t\t\t\t\t\t\t\t\t<a href=\"https:\/\/gilm.pt\/congressolmc\/#contactos\">\n\n\t\t\t\t\t\t\t\t\t\t\t<span class=\"elementor-icon-list-text\">Contactos<\/span>\n\t\t\t\t\t\t\t\t\t\t\t<\/a>\n\t\t\t\t\t\t\t\t\t<\/li>\n\t\t\t\t\t\t<\/ul>\n\t\t\t\t\t\t<\/div>\n\t\t\t\t<\/div>\n\t\t\t\t\t<\/div>\n\t\t<\/div>\n\t\t\t\t<div class=\"elementor-column elementor-col-33 elementor-inner-column elementor-element elementor-element-e58d095\" data-id=\"e58d095\" data-element_type=\"column\" data-e-type=\"column\">\n\t\t\t<div class=\"elementor-widget-wrap\">\n\t\t\t\t\t\t\t<\/div>\n\t\t<\/div>\n\t\t\t\t\t<\/div>\n\t\t<\/section>\n\t\t\t\t<section class=\"elementor-section elementor-inner-section elementor-element elementor-element-0f70a2c elementor-section-boxed elementor-section-height-default elementor-section-height-default\" data-id=\"0f70a2c\" data-element_type=\"section\" data-e-type=\"section\">\n\t\t\t\t\t\t<div class=\"elementor-container elementor-column-gap-default\">\n\t\t\t\t\t<div class=\"elementor-column elementor-col-100 elementor-inner-column elementor-element elementor-element-ce93a69\" data-id=\"ce93a69\" data-element_type=\"column\" data-e-type=\"column\">\n\t\t\t<div class=\"elementor-widget-wrap elementor-element-populated\">\n\t\t\t\t\t\t<div class=\"elementor-element elementor-element-29292fd elementor-widget elementor-widget-image\" data-id=\"29292fd\" data-element_type=\"widget\" data-e-type=\"widget\" data-widget_type=\"image.default\">\n\t\t\t\t<div class=\"elementor-widget-container\">\n\t\t\t\t\t\t\t\t\t\t\t\t\t\t\t\t<a href=\"https:\/\/gilm.pt\/congressolmc\">\n\t\t\t\t\t\t\t<img decoding=\"async\" width=\"800\" height=\"359\" src=\"https:\/\/gilm.pt\/congressolmc\/wp-content\/uploads\/2025\/06\/AP_logotipo_Congresso_GILM-e1749482345354-1024x459.png\" class=\"attachment-large size-large wp-image-7136\" alt=\"\" srcset=\"https:\/\/gilm.pt\/congressolmc\/wp-content\/uploads\/2025\/06\/AP_logotipo_Congresso_GILM-e1749482345354-1024x459.png 1024w, https:\/\/gilm.pt\/congressolmc\/wp-content\/uploads\/2025\/06\/AP_logotipo_Congresso_GILM-e1749482345354-300x134.png 300w, https:\/\/gilm.pt\/congressolmc\/wp-content\/uploads\/2025\/06\/AP_logotipo_Congresso_GILM-e1749482345354-768x344.png 768w, https:\/\/gilm.pt\/congressolmc\/wp-content\/uploads\/2025\/06\/AP_logotipo_Congresso_GILM-e1749482345354-1536x688.png 1536w, https:\/\/gilm.pt\/congressolmc\/wp-content\/uploads\/2025\/06\/AP_logotipo_Congresso_GILM-e1749482345354.png 1920w\" sizes=\"(max-width: 800px) 100vw, 800px\" \/>\t\t\t\t\t\t\t\t<\/a>\n\t\t\t\t\t\t\t\t\t\t\t\t\t\t\t<\/div>\n\t\t\t\t<\/div>\n\t\t\t\t\t<\/div>\n\t\t<\/div>\n\t\t\t\t\t<\/div>\n\t\t<\/section>\n\t\t\t\t\t<\/div>\n\t\t<\/div>\n\t\t\t\t\t<\/div>\n\t\t<\/section>\n\t\t\t\t<section class=\"elementor-section elementor-top-section elementor-element elementor-element-8981073 elementor-section-boxed elementor-section-height-default elementor-section-height-default\" data-id=\"8981073\" data-element_type=\"section\" data-e-type=\"section\">\n\t\t\t\t\t\t\t<div class=\"elementor-background-overlay\"><\/div>\n\t\t\t\t\t\t\t<div class=\"elementor-container elementor-column-gap-default\">\n\t\t\t\t\t<div class=\"elementor-column elementor-col-100 elementor-top-column elementor-element elementor-element-3cf05c4\" data-id=\"3cf05c4\" data-element_type=\"column\" data-e-type=\"column\">\n\t\t\t<div class=\"elementor-widget-wrap elementor-element-populated\">\n\t\t\t\t\t\t<section class=\"elementor-section elementor-inner-section elementor-element elementor-element-d0341ec elementor-section-boxed elementor-section-height-default elementor-section-height-default\" data-id=\"d0341ec\" data-element_type=\"section\" data-e-type=\"section\">\n\t\t\t\t\t\t<div class=\"elementor-container elementor-column-gap-default\">\n\t\t\t\t\t<div class=\"elementor-column elementor-col-100 elementor-inner-column elementor-element elementor-element-4bb7094\" data-id=\"4bb7094\" data-element_type=\"column\" data-e-type=\"column\">\n\t\t\t<div class=\"elementor-widget-wrap elementor-element-populated\">\n\t\t\t\t\t\t<div class=\"elementor-element elementor-element-cf94210 elementor-widget elementor-widget-heading\" data-id=\"cf94210\" data-element_type=\"widget\" data-e-type=\"widget\" data-widget_type=\"heading.default\">\n\t\t\t\t<div class=\"elementor-widget-container\">\n\t\t\t\t\t<h2 class=\"elementor-heading-title elementor-size-default\">Convite \u00e0 apresenta\u00e7\u00e3o de propostas<\/h2>\t\t\t\t<\/div>\n\t\t\t\t<\/div>\n\t\t\t\t<div class=\"elementor-element elementor-element-bfb7c38 elementor-widget elementor-widget-heading\" data-id=\"bfb7c38\" data-element_type=\"widget\" data-e-type=\"widget\" data-widget_type=\"heading.default\">\n\t\t\t\t<div class=\"elementor-widget-container\">\n\t\t\t\t\t<h5 class=\"elementor-heading-title elementor-size-default\">Alargamento de prazo: 29 de setembro de 2025<\/h5>\t\t\t\t<\/div>\n\t\t\t\t<\/div>\n\t\t\t\t<div class=\"elementor-element elementor-element-72c1af6 elementor-widget elementor-widget-text-editor\" data-id=\"72c1af6\" data-element_type=\"widget\" data-e-type=\"widget\" data-widget_type=\"text-editor.default\">\n\t\t\t\t<div class=\"elementor-widget-container\">\n\t\t\t\t\t\t\t\t\t<p><b>27 e 28 de novembro de 2025 \u2013 Coimbra<\/b><b><br \/><\/b> <b>Call for Papers<\/b><\/p><p><span style=\"font-weight: 400;\">A r\u00e1pida transforma\u00e7\u00e3o do ecossistema medi\u00e1tico, impulsionada pela digitaliza\u00e7\u00e3o acelerada e intensificada pela polariza\u00e7\u00e3o social, tem reconfigurado de forma profunda os modos de comunica\u00e7\u00e3o, a perce\u00e7\u00e3o da realidade e os valores c\u00edvicos e sociais. Os processos algor\u00edtmicos das plataformas digitais, e em particular o uso intensivo das redes sociais, t\u00eam remodelado os comportamentos individuais e coletivos, gerando depend\u00eancia tecnol\u00f3gica e bolhas informativas que dificultam o di\u00e1logo social.<\/span><\/p><p><span style=\"font-weight: 400;\">Esta din\u00e2mica, centrada na capta\u00e7\u00e3o da aten\u00e7\u00e3o, favorece a prolifera\u00e7\u00e3o de narrativas contradit\u00f3rias e manipuladoras, conduzindo \u00e0 desinforma\u00e7\u00e3o, fragmenta\u00e7\u00e3o e polariza\u00e7\u00e3o da opini\u00e3o p\u00fablica. Neste contexto, as narrativas medi\u00e1ticas, outrora alicer\u00e7adas em padr\u00f5es profissionais reconhecidos e legitimados socialmente, veem-se desafiadas por novos atores, conte\u00fados e formatos que subvertem as fronteiras entre factos e opini\u00f5es, e entre a informa\u00e7\u00e3o jornal\u00edstica e outros dom\u00ednios da comunica\u00e7\u00e3o.<\/span><\/p><p><span style=\"font-weight: 400;\">Esta desestrutura\u00e7\u00e3o do campo narrativo n\u00e3o s\u00f3 fragiliza as pr\u00e1ticas profissionais da comunica\u00e7\u00e3o, como tamb\u00e9m pode minar a confian\u00e7a p\u00fablica na informa\u00e7\u00e3o e nos pr\u00f3prios media. Perante a fragmenta\u00e7\u00e3o do espa\u00e7o p\u00fablico e a perda de refer\u00eancias comuns, torna-se imperativo promover discursos que defendam valores universais, como a paz e a dignidade humana. Assim, a literacia medi\u00e1tica assume um papel essencial, n\u00e3o apenas como uma ferramenta de capacita\u00e7\u00e3o individual, mas como um pilar fundamental para a preserva\u00e7\u00e3o da democracia, da coes\u00e3o social e dos direitos humanos.<\/span><\/p><p><span style=\"font-weight: 400;\">Neste cen\u00e1rio, o VII Congresso Literacia, Media e Cidadania, que decorrer\u00e1 nos dias 27 e 28 de novembro de 2025, na cidade de Coimbra, prop\u00f5e uma reflex\u00e3o urgente e multidimensional em torno de tr\u00eas <\/span><b>eixos estruturantes<\/b><span style=\"font-weight: 400;\">:<\/span><\/p><h2><b>Eixos Tem\u00e1ticos<\/b><\/h2><h3><b>1. Comportamentos<\/b><\/h3><ul><li style=\"font-weight: 400;\" aria-level=\"1\"><span style=\"font-weight: 400;\">Transforma\u00e7\u00f5es nos comportamentos informativos em ecossistemas digitais<\/span><\/li><li style=\"font-weight: 400;\" aria-level=\"1\"><span style=\"font-weight: 400;\">Depend\u00eancia tecnol\u00f3gica, aten\u00e7\u00e3o e pr\u00e1ticas de consumo medi\u00e1tico<\/span><\/li><li style=\"font-weight: 400;\" aria-level=\"1\"><span style=\"font-weight: 400;\">Algoritmos, bolhas informativas e refor\u00e7o de convic\u00e7\u00f5es <\/span><\/li><li style=\"font-weight: 400;\" aria-level=\"1\"><span style=\"font-weight: 400;\">Literacia digital e medi\u00e1tica em contextos educativos formais e informais<\/span><\/li><li style=\"font-weight: 400;\" aria-level=\"1\"><span style=\"font-weight: 400;\">Pr\u00e1ticas de media\u00e7\u00e3o parental e pedag\u00f3gica no uso de media por crian\u00e7as e jovens<\/span><\/li><li style=\"font-weight: 400;\" aria-level=\"1\"><span style=\"font-weight: 400;\">Participa\u00e7\u00e3o c\u00edvica e ativismo digital: novas formas de envolvimento social<\/span><\/li><li style=\"font-weight: 400;\" aria-level=\"1\"><span style=\"font-weight: 400;\">Bem-estar digital, sa\u00fade mental e rela\u00e7\u00f5es mediadas por ecr\u00e3s<\/span><\/li><li style=\"font-weight: 400;\" aria-level=\"1\"><span style=\"font-weight: 400;\">Intelig\u00eancia artificial generativa e os seus impactos nos h\u00e1bitos de comunica\u00e7\u00e3o<\/span><\/li><\/ul><h3><b>2. Narrativas<\/b><\/h3><ul><li style=\"font-weight: 400;\" aria-level=\"1\"><span style=\"font-weight: 400;\">(Re)configura\u00e7\u00e3o das narrativas medi\u00e1ticas: entre jornalismo, entretenimento e propaganda<\/span><\/li><li style=\"font-weight: 400;\" aria-level=\"1\"><span style=\"font-weight: 400;\">Narrativas desinformativas, teorias da conspira\u00e7\u00e3o e manipula\u00e7\u00e3o simb\u00f3lica<\/span><\/li><li style=\"font-weight: 400;\" aria-level=\"1\"><span style=\"font-weight: 400;\">Novos formatos e linguagens: storytelling digital, memes, v\u00eddeos curtos, podcasts<\/span><\/li><li style=\"font-weight: 400;\" aria-level=\"1\"><span style=\"font-weight: 400;\">Comunica\u00e7\u00e3o pol\u00edtica e narrativas de polariza\u00e7\u00e3o nas redes sociais<\/span><\/li><li style=\"font-weight: 400;\" aria-level=\"1\"><span style=\"font-weight: 400;\">Desafios \u00e0 credibilidade e \u00e0 confian\u00e7a nos media<\/span><\/li><li style=\"font-weight: 400;\" aria-level=\"1\"><span style=\"font-weight: 400;\">Papel do discurso jornal\u00edtico na constru\u00e7\u00e3o da democracia\u00a0 em sociedades fragmentadas<\/span><\/li><li style=\"font-weight: 400;\" aria-level=\"1\"><span style=\"font-weight: 400;\">Representa\u00e7\u00f5es de g\u00e9nero, etnia, classe e outras identidades nos media<\/span><\/li><li style=\"font-weight: 400;\" aria-level=\"1\"><span style=\"font-weight: 400;\">Educa\u00e7\u00e3o para a an\u00e1lise cr\u00edtica de narrativas medi\u00e1ticas e ideologias<\/span><\/li><\/ul><h3><b>3. Direitos Humanos<\/b><\/h3><ul><li style=\"font-weight: 400;\" aria-level=\"1\"><span style=\"font-weight: 400;\">Literacia medi\u00e1tica como direito e ferramenta de capacita\u00e7\u00e3o democr\u00e1tica<\/span><\/li><li style=\"font-weight: 400;\" aria-level=\"1\"><span style=\"font-weight: 400;\">Media e direitos digitais: privacidade, prote\u00e7\u00e3o de dados e liberdade de express\u00e3o<\/span><\/li><li style=\"font-weight: 400;\" aria-level=\"1\"><span style=\"font-weight: 400;\">Desinforma\u00e7\u00e3o e discurso de \u00f3dio: amea\u00e7as \u00e0 dignidade humana e \u00e0 coes\u00e3o social<\/span><\/li><li style=\"font-weight: 400;\" aria-level=\"1\"><span style=\"font-weight: 400;\">Inclus\u00e3o digital e acesso equitativo \u00e0 informa\u00e7\u00e3o<\/span><\/li><li style=\"font-weight: 400;\" aria-level=\"1\"><span style=\"font-weight: 400;\">Papel dos media na promo\u00e7\u00e3o da paz, da justi\u00e7a e da sustentabilidade<\/span><\/li><li style=\"font-weight: 400;\" aria-level=\"1\"><span style=\"font-weight: 400;\">Regula\u00e7\u00e3o e pol\u00edticas p\u00fablicas em defesa dos direitos informativos e comunicacionais<\/span><\/li><li style=\"font-weight: 400;\" aria-level=\"1\"><span style=\"font-weight: 400;\">Media comunit\u00e1rios, cidad\u00e3os e o direito \u00e0 comunica\u00e7\u00e3o<\/span><\/li><li style=\"font-weight: 400;\" aria-level=\"1\"><span style=\"font-weight: 400;\">Literacia medi\u00e1tica e informacional como instrumento de defesa dos direitos das crian\u00e7as e jovens<\/span><\/li><\/ul><h2><b>Normas para Submiss\u00e3o de Propostas<\/b><\/h2><p><span style=\"font-weight: 400;\">As propostas de comunica\u00e7\u00e3o dever\u00e3o obedecer aos seguintes requisitos:<\/span><\/p><ul><li style=\"font-weight: 400;\" aria-level=\"1\"><span style=\"font-weight: 400;\">Ter entre <\/span><b>300 e 350 palavras<\/b><span style=\"font-weight: 400;\"> de extens\u00e3o;<\/span><\/li><li style=\"font-weight: 400;\" aria-level=\"1\"><span style=\"font-weight: 400;\">Incluir um <\/span><b>t\u00edtulo<\/b><span style=\"font-weight: 400;\"> (m\u00e1ximo de 120 caracteres, incluindo espa\u00e7os), o <\/span><b>nome e filia\u00e7\u00e3o institucional<\/b><span style=\"font-weight: 400;\"> do(s) autor(es), bem como at\u00e9 <\/span><b>quatro palavras-chave<\/b><span style=\"font-weight: 400;\">;<\/span><\/li><li style=\"font-weight: 400;\" aria-level=\"1\"><span style=\"font-weight: 400;\">Apresentar de forma clara os <\/span><b>objetivos<\/b><span style=\"font-weight: 400;\">, o <\/span><b>enquadramento te\u00f3rico<\/b><span style=\"font-weight: 400;\">, a <\/span><b>fundamenta\u00e7\u00e3o<\/b><span style=\"font-weight: 400;\">, a <\/span><b>metodologia<\/b><span style=\"font-weight: 400;\"> e outros elementos considerados pertinentes \u00e0 proposta;<\/span><\/li><li style=\"font-weight: 400;\" aria-level=\"1\"><span style=\"font-weight: 400;\">Caso incluam <\/span><b>refer\u00eancias bibliogr\u00e1ficas<\/b><span style=\"font-weight: 400;\">, estas devem ser devidamente identificadas, preferencialmente segundo as <\/span><b>normas APA7 <\/b>(as refer\u00eancias n\u00e3o contam para o limite de palavras da proposta)<span style=\"font-weight: 400;\">;<\/span><\/li><li style=\"font-weight: 400;\" aria-level=\"1\"><span style=\"font-weight: 400;\">Ser submetidas atrav\u00e9s do <\/span><b>formul\u00e1rio dispon\u00edvel online<\/b><span style=\"font-weight: 400;\"> at\u00e9 ao dia <strong>29<\/strong><\/span><b> de setembro de 2025 <\/b>(novo prazo)<span style=\"font-weight: 400;\">.<\/span><\/li><\/ul><h2><b>Destinat\u00e1rios<\/b><\/h2><p><span style=\"font-weight: 400;\">Esta edi\u00e7\u00e3o pretende ser uma oportunidade de encontro e partilha entre:<\/span><\/p><ul><li style=\"font-weight: 400;\" aria-level=\"1\"><span style=\"font-weight: 400;\">Professores e educadores dos ensinos b\u00e1sico, secund\u00e1rio e superior<\/span><\/li><li style=\"font-weight: 400;\" aria-level=\"1\"><span style=\"font-weight: 400;\">Investigadores e estudantes<\/span><\/li><li style=\"font-weight: 400;\" aria-level=\"1\"><span style=\"font-weight: 400;\">Jornalistas, comunicadores e profissionais dos media e do audiovisual<\/span><\/li><li style=\"font-weight: 400;\" aria-level=\"1\"><span style=\"font-weight: 400;\">Especialistas em ci\u00eancias da informa\u00e7\u00e3o e da documenta\u00e7\u00e3o<\/span><\/li><li style=\"font-weight: 400;\" aria-level=\"1\"><span style=\"font-weight: 400;\">Organiza\u00e7\u00f5es da sociedade civil e agentes culturais<\/span><\/li><li style=\"font-weight: 400;\" aria-level=\"1\"><span style=\"font-weight: 400;\">Decisores pol\u00edticos, reguladores e gestores do setor da comunica\u00e7\u00e3o social<\/span><\/li><\/ul><p><span style=\"font-weight: 400;\">\u00a0\u00a0\u00a0\u00a0\u00a0\u00a0\u00a0<\/span><\/p><p><span style=\"font-weight: 400;\">No final do encontro, prev\u00ea-se o desenvolvimento de uma publica\u00e7\u00e3o em torno dos contributos, conclus\u00f5es, projetos e resultados de trabalhos nestes eixos tem\u00e1ticos.<\/span><\/p><p><b>Notas importantes:<\/b><\/p><p><span style=\"font-weight: 400;\">\u2013 Cada participante s\u00f3 poder\u00e1 apresentar comunica\u00e7\u00e3o se estiver inscrito no Congresso.<\/span><\/p><p><span style=\"font-weight: 400;\">\u2013 Cada participante s\u00f3 poder\u00e1 apresentar uma comunica\u00e7\u00e3o como primeiro autor e uma segunda proposta como segundo ou terceiro autor.<\/span><\/p><p>\u2013 As comunica\u00e7\u00f5es s\u00e3o apresentadas presencialmente. Contudo, existe a possibilidade de comunica\u00e7\u00f5es <em>online<\/em>\u00a0s\u00edncronas para um n\u00famero limitado de participantes (implica inscri\u00e7\u00e3o no Congresso).<\/p><p><span style=\"font-weight: 400;\">\u2013 N\u00e3o ser\u00e3o publicadas no Livro de Atas as comunica\u00e7\u00f5es (apresenta\u00e7\u00f5es orais ou <\/span><i><span style=\"font-weight: 400;\">posters<\/span><\/i><span style=\"font-weight: 400;\">) que n\u00e3o forem apresentadas pelo respetivo autor ou coautor no Congresso;<\/span><\/p><p><span style=\"font-weight: 400;\">\u2013 A Comiss\u00e3o Organizadora n\u00e3o aceita que as comunica\u00e7\u00f5es orais ou <\/span><i><span style=\"font-weight: 400;\">posters<\/span><\/i><span style=\"font-weight: 400;\"> sejam apresentados por terceiros.<\/span><\/p><p><b>CALEND\u00c1RIO<\/b><\/p><p><b>Chamada de Trabalhos &#8211; Apresenta\u00e7\u00e3o de propostas (novo prazo):<\/b><span style=\"font-weight: 400;\"> 29 de setembro de 2025<\/span><\/p><p><b>Decis\u00e3o de aceita\u00e7\u00e3o: <\/b><span style=\"font-weight: 400;\">30 de outubro de 2025<\/span><\/p><p><b>Fim do per\u00edodo normal de inscri\u00e7\u00e3o no congresso<\/b><span style=\"font-weight: 400;\">: 9 de novembro 2025<\/span><\/p><p><b>Apresenta\u00e7\u00e3o de textos finais para publica\u00e7\u00e3o em livro:<\/b><span style=\"font-weight: 400;\"> 31 de dezembro de 2025<\/span><\/p>\t\t\t\t\t\t\t\t<\/div>\n\t\t\t\t<\/div>\n\t\t\t\t<div class=\"elementor-element elementor-element-d0c26ed elementor-widget elementor-widget-text-editor\" data-id=\"d0c26ed\" data-element_type=\"widget\" data-e-type=\"widget\" data-widget_type=\"text-editor.default\">\n\t\t\t\t<div class=\"elementor-widget-container\">\n\t\t\t\t\t\t\t\t\t<p><strong>E-mail de contacto para quest\u00f5es\/d\u00favidas:<\/strong> comunicacoes.lmc@gilm.pt<\/p>\t\t\t\t\t\t\t\t<\/div>\n\t\t\t\t<\/div>\n\t\t\t\t<div class=\"elementor-element elementor-element-823ffad elementor-widget elementor-widget-text-editor\" data-id=\"823ffad\" data-element_type=\"widget\" data-e-type=\"widget\" data-widget_type=\"text-editor.default\">\n\t\t\t\t<div class=\"elementor-widget-container\">\n\t\t\t\t\t\t\t\t\t<p>\u200b<\/p>\t\t\t\t\t\t\t\t<\/div>\n\t\t\t\t<\/div>\n\t\t\t\t<div class=\"elementor-element elementor-element-9a84a21 elementor-align-center elementor-widget elementor-widget-button\" data-id=\"9a84a21\" data-element_type=\"widget\" data-e-type=\"widget\" data-widget_type=\"button.default\">\n\t\t\t\t<div class=\"elementor-widget-container\">\n\t\t\t\t\t\t\t\t\t<div class=\"elementor-button-wrapper\">\n\t\t\t\t\t<a class=\"elementor-button elementor-button-link elementor-size-lg\" href=\"https:\/\/docs.google.com\/forms\/d\/e\/1FAIpQLScWrurZ8_-LouYihvDvnJ07PFLaAv14fz2-tw3ioIqhh9jfaA\/viewform\" target=\"_blank\" rel=\"noopener\">\n\t\t\t\t\t\t<span class=\"elementor-button-content-wrapper\">\n\t\t\t\t\t\t\t\t\t<span class=\"elementor-button-text\">Submeter Proposta<\/span>\n\t\t\t\t\t<\/span>\n\t\t\t\t\t<\/a>\n\t\t\t\t<\/div>\n\t\t\t\t\t\t\t\t<\/div>\n\t\t\t\t<\/div>\n\t\t\t\t\t<\/div>\n\t\t<\/div>\n\t\t\t\t\t<\/div>\n\t\t<\/section>\n\t\t\t\t\t<\/div>\n\t\t<\/div>\n\t\t\t\t\t<\/div>\n\t\t<\/section>\n\t\t\t\t<\/div>\n\t\t","protected":false},"excerpt":{"rendered":"<p>Contactos Convite \u00e0 apresenta\u00e7\u00e3o de propostas Alargamento de prazo: 29 de setembro de 2025 27 e 28 de novembro de 2025 \u2013 Coimbra Call for Papers A r\u00e1pida transforma\u00e7\u00e3o do ecossistema medi\u00e1tico, impulsionada pela digitaliza\u00e7\u00e3o acelerada e intensificada pela polariza\u00e7\u00e3o social, tem reconfigurado de forma profunda os modos de comunica\u00e7\u00e3o, a perce\u00e7\u00e3o da realidade e [&hellip;]<\/p>\n","protected":false},"author":2,"featured_media":2893,"parent":0,"menu_order":0,"comment_status":"closed","ping_status":"closed","template":"elementor_canvas","meta":{"footnotes":""},"class_list":["post-3946","page","type-page","status-publish","has-post-thumbnail","hentry"],"_links":{"self":[{"href":"https:\/\/gilm.pt\/congressolmc\/wp-json\/wp\/v2\/pages\/3946","targetHints":{"allow":["GET"]}}],"collection":[{"href":"https:\/\/gilm.pt\/congressolmc\/wp-json\/wp\/v2\/pages"}],"about":[{"href":"https:\/\/gilm.pt\/congressolmc\/wp-json\/wp\/v2\/types\/page"}],"author":[{"embeddable":true,"href":"https:\/\/gilm.pt\/congressolmc\/wp-json\/wp\/v2\/users\/2"}],"replies":[{"embeddable":true,"href":"https:\/\/gilm.pt\/congressolmc\/wp-json\/wp\/v2\/comments?post=3946"}],"version-history":[{"count":5,"href":"https:\/\/gilm.pt\/congressolmc\/wp-json\/wp\/v2\/pages\/3946\/revisions"}],"predecessor-version":[{"id":7780,"href":"https:\/\/gilm.pt\/congressolmc\/wp-json\/wp\/v2\/pages\/3946\/revisions\/7780"}],"wp:featuredmedia":[{"embeddable":true,"href":"https:\/\/gilm.pt\/congressolmc\/wp-json\/wp\/v2\/media\/2893"}],"wp:attachment":[{"href":"https:\/\/gilm.pt\/congressolmc\/wp-json\/wp\/v2\/media?parent=3946"}],"curies":[{"name":"wp","href":"https:\/\/api.w.org\/{rel}","templated":true}]}}