{"id":469,"date":"2016-10-27T09:44:48","date_gmt":"2016-10-27T09:44:48","guid":{"rendered":"https:\/\/4congressolmc.wordpress.com\/?page_id=469"},"modified":"2025-11-10T11:25:08","modified_gmt":"2025-11-10T11:25:08","slug":"comissao-organizadora-2","status":"publish","type":"page","link":"https:\/\/gilm.pt\/congressolmc\/comissao-organizadora-2\/","title":{"rendered":"Comiss\u00e3o organizadora"},"content":{"rendered":"\t\t<div data-elementor-type=\"wp-page\" data-elementor-id=\"469\" class=\"elementor elementor-469\" data-elementor-post-type=\"page\">\n\t\t\t\t\t\t<section class=\"elementor-section elementor-top-section elementor-element elementor-element-63d8229 elementor-section-boxed elementor-section-height-default elementor-section-height-default\" data-id=\"63d8229\" data-element_type=\"section\" data-e-type=\"section\" data-settings=\"{&quot;background_background&quot;:&quot;classic&quot;}\">\n\t\t\t\t\t\t\t<div class=\"elementor-background-overlay\"><\/div>\n\t\t\t\t\t\t\t<div class=\"elementor-container elementor-column-gap-default\">\n\t\t\t\t\t<div class=\"elementor-column elementor-col-100 elementor-top-column elementor-element elementor-element-dacf156\" data-id=\"dacf156\" data-element_type=\"column\" data-e-type=\"column\" data-settings=\"{&quot;background_background&quot;:&quot;classic&quot;}\">\n\t\t\t<div class=\"elementor-widget-wrap elementor-element-populated\">\n\t\t\t\t\t\t<section class=\"elementor-section elementor-inner-section elementor-element elementor-element-4136133 elementor-section-full_width elementor-section-height-default elementor-section-height-default\" data-id=\"4136133\" data-element_type=\"section\" data-e-type=\"section\" data-settings=\"{&quot;background_background&quot;:&quot;classic&quot;}\">\n\t\t\t\t\t\t<div class=\"elementor-container elementor-column-gap-default\">\n\t\t\t\t\t<div class=\"elementor-column elementor-col-25 elementor-inner-column elementor-element elementor-element-0f0992c\" data-id=\"0f0992c\" data-element_type=\"column\" data-e-type=\"column\">\n\t\t\t<div class=\"elementor-widget-wrap elementor-element-populated\">\n\t\t\t\t\t\t<div class=\"elementor-element elementor-element-6cc4d84 elementor-position-top elementor-widget elementor-widget-image-box\" data-id=\"6cc4d84\" data-element_type=\"widget\" data-e-type=\"widget\" data-widget_type=\"image-box.default\">\n\t\t\t\t<div class=\"elementor-widget-container\">\n\t\t\t\t\t<div class=\"elementor-image-box-wrapper\"><figure class=\"elementor-image-box-img\"><a href=\"https:\/\/www.cncs.gov.pt\/\" target=\"_blank\" tabindex=\"-1\" rel=\"noopener\"><img decoding=\"async\" src=\"https:\/\/gilm.pt\/congressolmc\/wp-content\/uploads\/elementor\/thumbs\/CNCS_novo-re5xh3hjknqomb1h31pgpge0kexq820g3wvwe0tg3c.jpg\" title=\"CNCS_novo\" alt=\"CNCS_novo\" loading=\"lazy\" \/><\/a><\/figure><\/div>\t\t\t\t<\/div>\n\t\t\t\t<\/div>\n\t\t\t\t\t<\/div>\n\t\t<\/div>\n\t\t\t\t<div class=\"elementor-column elementor-col-25 elementor-inner-column elementor-element elementor-element-d47c8f6\" data-id=\"d47c8f6\" data-element_type=\"column\" data-e-type=\"column\">\n\t\t\t<div class=\"elementor-widget-wrap elementor-element-populated\">\n\t\t\t\t\t\t<div class=\"elementor-element elementor-element-c4f540f elementor-position-top elementor-widget elementor-widget-image-box\" data-id=\"c4f540f\" data-element_type=\"widget\" data-e-type=\"widget\" data-widget_type=\"image-box.default\">\n\t\t\t\t<div class=\"elementor-widget-container\">\n\t\t\t\t\t<div class=\"elementor-image-box-wrapper\"><figure class=\"elementor-image-box-img\"><a href=\"https:\/\/unescoportugal.mne.gov.pt\/pt\/\" target=\"_blank\" tabindex=\"-1\" rel=\"noopener\"><img decoding=\"async\" src=\"https:\/\/gilm.pt\/congressolmc\/wp-content\/uploads\/elementor\/thumbs\/logo-unesco-qg36plnh5by4kknuw17npglkko0whr0qe0racbc81k.png\" title=\"logo-unesco\" alt=\"Comiss\u00e3o Nacional da UNESCI\" loading=\"lazy\" \/><\/a><\/figure><\/div>\t\t\t\t<\/div>\n\t\t\t\t<\/div>\n\t\t\t\t\t<\/div>\n\t\t<\/div>\n\t\t\t\t<div class=\"elementor-column elementor-col-25 elementor-inner-column elementor-element elementor-element-7e5e28d\" data-id=\"7e5e28d\" data-element_type=\"column\" data-e-type=\"column\">\n\t\t\t<div class=\"elementor-widget-wrap elementor-element-populated\">\n\t\t\t\t\t\t<div class=\"elementor-element elementor-element-25adcf3 elementor-position-top elementor-widget elementor-widget-image-box\" data-id=\"25adcf3\" data-element_type=\"widget\" data-e-type=\"widget\" data-widget_type=\"image-box.default\">\n\t\t\t\t<div class=\"elementor-widget-container\">\n\t\t\t\t\t<div class=\"elementor-image-box-wrapper\"><figure class=\"elementor-image-box-img\"><a href=\"https:\/\/www.cnedu.pt\/pt\/\" target=\"_blank\" tabindex=\"-1\" rel=\"noopener\"><img decoding=\"async\" src=\"https:\/\/gilm.pt\/congressolmc\/wp-content\/uploads\/elementor\/thumbs\/CNEnovlog-1-qg36pmlbc5zew6mhqjma9yd161w9pg4gq5ertlatvc.jpg\" title=\"CNEnovlog\" alt=\"Conselho Nacional de Educa\u00e7\u00e3o\" loading=\"lazy\" \/><\/a><\/figure><\/div>\t\t\t\t<\/div>\n\t\t\t\t<\/div>\n\t\t\t\t\t<\/div>\n\t\t<\/div>\n\t\t\t\t<div class=\"elementor-column elementor-col-25 elementor-inner-column elementor-element elementor-element-7351e25\" data-id=\"7351e25\" data-element_type=\"column\" data-e-type=\"column\">\n\t\t\t<div class=\"elementor-widget-wrap elementor-element-populated\">\n\t\t\t\t\t\t<div class=\"elementor-element elementor-element-cf52ab3 elementor-position-top elementor-widget elementor-widget-image-box\" data-id=\"cf52ab3\" data-element_type=\"widget\" data-e-type=\"widget\" data-widget_type=\"image-box.default\">\n\t\t\t\t<div class=\"elementor-widget-container\">\n\t\t\t\t\t<div class=\"elementor-image-box-wrapper\"><figure class=\"elementor-image-box-img\"><a href=\"https:\/\/www.portugal.gov.pt\/pt\/gc25\/area-de-governo\/educacao-ciencia-e-inovacao\" target=\"_blank\" tabindex=\"-1\" rel=\"noopener\"><img decoding=\"async\" src=\"https:\/\/gilm.pt\/congressolmc\/wp-content\/uploads\/elementor\/thumbs\/Logo_do_Ministerio_da_Educacao_Ciencia_e_Inovacao_2_quadrado-rbw7vvr5ucfr0mnjfw69dqy4cmtv3werld4ki1o9fc.png\" title=\"Logo_do_Ministe\u0301rio_da_Educac\u0327a\u0303o,_Cie\u0302ncia_e_Inovac\u0327a\u0303o_2_quadrado\" alt=\"Logo_do_Ministe\u0301rio_da_Educac\u0327a\u0303o,_Cie\u0302ncia_e_Inovac\u0327a\u0303o_2_quadrado\" loading=\"lazy\" \/><\/a><\/figure><\/div>\t\t\t\t<\/div>\n\t\t\t\t<\/div>\n\t\t\t\t\t<\/div>\n\t\t<\/div>\n\t\t\t\t\t<\/div>\n\t\t<\/section>\n\t\t\t\t<section class=\"elementor-section elementor-inner-section elementor-element elementor-element-1181135 elementor-section-full_width elementor-section-height-default elementor-section-height-default\" data-id=\"1181135\" data-element_type=\"section\" data-e-type=\"section\" data-settings=\"{&quot;background_background&quot;:&quot;classic&quot;}\">\n\t\t\t\t\t\t<div class=\"elementor-container elementor-column-gap-default\">\n\t\t\t\t\t<div class=\"elementor-column elementor-col-25 elementor-inner-column elementor-element elementor-element-49189d2\" data-id=\"49189d2\" data-element_type=\"column\" data-e-type=\"column\">\n\t\t\t<div class=\"elementor-widget-wrap elementor-element-populated\">\n\t\t\t\t\t\t<div class=\"elementor-element elementor-element-cf54f52 elementor-position-top elementor-widget elementor-widget-image-box\" data-id=\"cf54f52\" data-element_type=\"widget\" data-e-type=\"widget\" data-widget_type=\"image-box.default\">\n\t\t\t\t<div class=\"elementor-widget-container\">\n\t\t\t\t\t<div class=\"elementor-image-box-wrapper\"><figure class=\"elementor-image-box-img\"><a href=\"https:\/\/www.erc.pt\/pt\/\" target=\"_blank\" tabindex=\"-1\" rel=\"noopener\"><img decoding=\"async\" src=\"https:\/\/gilm.pt\/congressolmc\/wp-content\/uploads\/elementor\/thumbs\/logo-erc-qg36plnh5by4kknuw17npglkko0whr0qe0racbc81k.png\" title=\"logo-erc\" alt=\"Entidade Reguladora para a Comunica\u00e7\u00e3o Social\" loading=\"lazy\" \/><\/a><\/figure><\/div>\t\t\t\t<\/div>\n\t\t\t\t<\/div>\n\t\t\t\t\t<\/div>\n\t\t<\/div>\n\t\t\t\t<div class=\"elementor-column elementor-col-25 elementor-inner-column elementor-element elementor-element-702fede\" data-id=\"702fede\" data-element_type=\"column\" data-e-type=\"column\">\n\t\t\t<div class=\"elementor-widget-wrap elementor-element-populated\">\n\t\t\t\t\t\t<div class=\"elementor-element elementor-element-702ab39 elementor-position-top elementor-widget elementor-widget-image-box\" data-id=\"702ab39\" data-element_type=\"widget\" data-e-type=\"widget\" data-widget_type=\"image-box.default\">\n\t\t\t\t<div class=\"elementor-widget-container\">\n\t\t\t\t\t<div class=\"elementor-image-box-wrapper\"><figure class=\"elementor-image-box-img\"><a href=\"https:\/\/www.escs.ipl.pt\/\" target=\"_blank\" tabindex=\"-1\" rel=\"noopener\"><img decoding=\"async\" src=\"https:\/\/gilm.pt\/congressolmc\/wp-content\/uploads\/elementor\/thumbs\/logo-escs-qg36plnid6qk6ktlay2ttjfxm08j5i8g9tcghptg2o.png\" title=\"logo-escs\" alt=\"Escola Superior de Comunica\u00e7\u00e3o Social\" loading=\"lazy\" \/><\/a><\/figure><\/div>\t\t\t\t<\/div>\n\t\t\t\t<\/div>\n\t\t\t\t\t<\/div>\n\t\t<\/div>\n\t\t\t\t<div class=\"elementor-column elementor-col-25 elementor-inner-column elementor-element elementor-element-951ea12\" data-id=\"951ea12\" data-element_type=\"column\" data-e-type=\"column\">\n\t\t\t<div class=\"elementor-widget-wrap elementor-element-populated\">\n\t\t\t\t\t\t<div class=\"elementor-element elementor-element-5341fd6 elementor-position-top elementor-widget elementor-widget-image-box\" data-id=\"5341fd6\" data-element_type=\"widget\" data-e-type=\"widget\" data-widget_type=\"image-box.default\">\n\t\t\t\t<div class=\"elementor-widget-container\">\n\t\t\t\t\t<div class=\"elementor-image-box-wrapper\"><figure class=\"elementor-image-box-img\"><a href=\"https:\/\/www.ica-ip.pt\/pt\/\" target=\"_blank\" tabindex=\"-1\" rel=\"noopener\"><img decoding=\"async\" src=\"https:\/\/gilm.pt\/congressolmc\/wp-content\/uploads\/elementor\/thumbs\/parceiros-5-r7llpacq85rsmbjw1wxm43jdo54r5seejlu3ukxznc.jpg\" title=\"parceiros-5\" alt=\"parceiros-5\" loading=\"lazy\" \/><\/a><\/figure><\/div>\t\t\t\t<\/div>\n\t\t\t\t<\/div>\n\t\t\t\t\t<\/div>\n\t\t<\/div>\n\t\t\t\t<div class=\"elementor-column elementor-col-25 elementor-inner-column elementor-element elementor-element-0cc7fd9\" data-id=\"0cc7fd9\" data-element_type=\"column\" data-e-type=\"column\">\n\t\t\t<div class=\"elementor-widget-wrap elementor-element-populated\">\n\t\t\t\t\t\t<div class=\"elementor-element elementor-element-e265c17 elementor-position-top elementor-widget elementor-widget-image-box\" data-id=\"e265c17\" data-element_type=\"widget\" data-e-type=\"widget\" data-widget_type=\"image-box.default\">\n\t\t\t\t<div class=\"elementor-widget-container\">\n\t\t\t\t\t<div class=\"elementor-image-box-wrapper\"><figure class=\"elementor-image-box-img\"><a href=\"https:\/\/www.pnc.gov.pt\/\" target=\"_blank\" tabindex=\"-1\" rel=\"noopener\"><img decoding=\"async\" src=\"https:\/\/gilm.pt\/congressolmc\/wp-content\/uploads\/elementor\/thumbs\/PNCLogo-r7llpe42zhwxwreffyk4e2l81om80ktbw4g1roseyg.jpg\" title=\"PNCLogo\" alt=\"PNCLogo\" loading=\"lazy\" \/><\/a><\/figure><\/div>\t\t\t\t<\/div>\n\t\t\t\t<\/div>\n\t\t\t\t\t<\/div>\n\t\t<\/div>\n\t\t\t\t\t<\/div>\n\t\t<\/section>\n\t\t\t\t<section class=\"elementor-section elementor-inner-section elementor-element elementor-element-86aafed elementor-section-full_width elementor-section-height-default elementor-section-height-default\" data-id=\"86aafed\" data-element_type=\"section\" data-e-type=\"section\" data-settings=\"{&quot;background_background&quot;:&quot;classic&quot;}\">\n\t\t\t\t\t\t<div class=\"elementor-container elementor-column-gap-default\">\n\t\t\t\t\t<div class=\"elementor-column elementor-col-25 elementor-inner-column elementor-element elementor-element-4adcf25\" data-id=\"4adcf25\" data-element_type=\"column\" data-e-type=\"column\">\n\t\t\t<div class=\"elementor-widget-wrap elementor-element-populated\">\n\t\t\t\t\t\t<div class=\"elementor-element elementor-element-6fd6507 elementor-position-top elementor-widget elementor-widget-image-box\" data-id=\"6fd6507\" data-element_type=\"widget\" data-e-type=\"widget\" data-widget_type=\"image-box.default\">\n\t\t\t\t<div class=\"elementor-widget-container\">\n\t\t\t\t\t<div class=\"elementor-image-box-wrapper\"><figure class=\"elementor-image-box-img\"><a href=\"https:\/\/www.pnl2027.gov.pt\/np4\/home\" target=\"_blank\" tabindex=\"-1\" rel=\"noopener\"><img decoding=\"async\" src=\"https:\/\/gilm.pt\/congressolmc\/wp-content\/uploads\/elementor\/thumbs\/pnl2027-qg36plnh5by4kknuw17npglkko0whr0qe0racbc81k.jpg\" title=\"pnl2027\" alt=\"Plano Nacional de Leitura\" loading=\"lazy\" \/><\/a><\/figure><\/div>\t\t\t\t<\/div>\n\t\t\t\t<\/div>\n\t\t\t\t\t<\/div>\n\t\t<\/div>\n\t\t\t\t<div class=\"elementor-column elementor-col-25 elementor-inner-column elementor-element elementor-element-76ae1cd\" data-id=\"76ae1cd\" data-element_type=\"column\" data-e-type=\"column\">\n\t\t\t<div class=\"elementor-widget-wrap elementor-element-populated\">\n\t\t\t\t\t\t<div class=\"elementor-element elementor-element-7eb2576 elementor-position-top elementor-widget elementor-widget-image-box\" data-id=\"7eb2576\" data-element_type=\"widget\" data-e-type=\"widget\" data-widget_type=\"image-box.default\">\n\t\t\t\t<div class=\"elementor-widget-container\">\n\t\t\t\t\t<div class=\"elementor-image-box-wrapper\"><figure class=\"elementor-image-box-img\"><a href=\"https:\/\/www.lusa.pt\/\" target=\"_blank\" tabindex=\"-1\" rel=\"noopener\"><img decoding=\"async\" src=\"https:\/\/gilm.pt\/congressolmc\/wp-content\/uploads\/elementor\/thumbs\/logo-lusa-qg36plnh5by4kknuw17npglkko0whr0qe0racbc81k.png\" title=\"logo-lusa\" alt=\"Ag\u00eancia Lusa\" loading=\"lazy\" \/><\/a><\/figure><\/div>\t\t\t\t<\/div>\n\t\t\t\t<\/div>\n\t\t\t\t\t<\/div>\n\t\t<\/div>\n\t\t\t\t<div class=\"elementor-column elementor-col-25 elementor-inner-column elementor-element elementor-element-b21f4e7\" data-id=\"b21f4e7\" data-element_type=\"column\" data-e-type=\"column\">\n\t\t\t<div class=\"elementor-widget-wrap elementor-element-populated\">\n\t\t\t\t\t\t<div class=\"elementor-element elementor-element-fa37a99 elementor-position-top elementor-widget elementor-widget-image-box\" data-id=\"fa37a99\" data-element_type=\"widget\" data-e-type=\"widget\" data-widget_type=\"image-box.default\">\n\t\t\t\t<div class=\"elementor-widget-container\">\n\t\t\t\t\t<div class=\"elementor-image-box-wrapper\"><figure class=\"elementor-image-box-img\"><a href=\"https:\/\/obercom.pt\/\" target=\"_blank\" tabindex=\"-1\" rel=\"noopener\"><img decoding=\"async\" src=\"https:\/\/gilm.pt\/congressolmc\/wp-content\/uploads\/elementor\/thumbs\/logo-obercom-qg36plnh5by4kknuw17npglkko0whr0qe0racbc81k.png\" title=\"logo-obercom\" alt=\"Observat\u00f3rio da Comunica\u00e7\u00e3o\" loading=\"lazy\" \/><\/a><\/figure><\/div>\t\t\t\t<\/div>\n\t\t\t\t<\/div>\n\t\t\t\t\t<\/div>\n\t\t<\/div>\n\t\t\t\t<div class=\"elementor-column elementor-col-25 elementor-inner-column elementor-element elementor-element-5ce8ab6\" data-id=\"5ce8ab6\" data-element_type=\"column\" data-e-type=\"column\">\n\t\t\t<div class=\"elementor-widget-wrap elementor-element-populated\">\n\t\t\t\t\t\t<div class=\"elementor-element elementor-element-58b74a2 elementor-position-top elementor-widget elementor-widget-image-box\" data-id=\"58b74a2\" data-element_type=\"widget\" data-e-type=\"widget\" data-widget_type=\"image-box.default\">\n\t\t\t\t<div class=\"elementor-widget-container\">\n\t\t\t\t\t<div class=\"elementor-image-box-wrapper\"><figure class=\"elementor-image-box-img\"><a href=\"https:\/\/www.rtp.pt\/\" target=\"_blank\" tabindex=\"-1\" rel=\"noopener\"><img decoding=\"async\" src=\"https:\/\/gilm.pt\/congressolmc\/wp-content\/uploads\/elementor\/thumbs\/logo-rtp-r7llq2jx51mtwmknw5zlaz9kj1he8gq2j9zuea9ehs.jpg\" title=\"logo-rtp\" alt=\"logo-rtp\" loading=\"lazy\" \/><\/a><\/figure><\/div>\t\t\t\t<\/div>\n\t\t\t\t<\/div>\n\t\t\t\t\t<\/div>\n\t\t<\/div>\n\t\t\t\t\t<\/div>\n\t\t<\/section>\n\t\t\t\t<section class=\"elementor-section elementor-inner-section elementor-element elementor-element-4d8fe8e elementor-section-full_width elementor-section-height-default elementor-section-height-default\" data-id=\"4d8fe8e\" data-element_type=\"section\" data-e-type=\"section\" data-settings=\"{&quot;background_background&quot;:&quot;classic&quot;}\">\n\t\t\t\t\t\t<div class=\"elementor-container elementor-column-gap-default\">\n\t\t\t\t\t<div class=\"elementor-column elementor-col-25 elementor-inner-column elementor-element elementor-element-b152db3\" data-id=\"b152db3\" data-element_type=\"column\" data-e-type=\"column\">\n\t\t\t<div class=\"elementor-widget-wrap elementor-element-populated\">\n\t\t\t\t\t\t<div class=\"elementor-element elementor-element-610fb8c elementor-position-top elementor-widget elementor-widget-image-box\" data-id=\"610fb8c\" data-element_type=\"widget\" data-e-type=\"widget\" data-widget_type=\"image-box.default\">\n\t\t\t\t<div class=\"elementor-widget-container\">\n\t\t\t\t\t<div class=\"elementor-image-box-wrapper\"><figure class=\"elementor-image-box-img\"><a href=\"https:\/\/www.rbe.mec.pt\/np4\/home.html\" target=\"_blank\" tabindex=\"-1\" rel=\"noopener\"><img decoding=\"async\" src=\"https:\/\/gilm.pt\/congressolmc\/wp-content\/uploads\/elementor\/thumbs\/rre-r7llphvfqu23778yu06mo1n2f83ovd898n1zosmu9k.jpg\" title=\"rre\" alt=\"rre\" loading=\"lazy\" \/><\/a><\/figure><\/div>\t\t\t\t<\/div>\n\t\t\t\t<\/div>\n\t\t\t\t\t<\/div>\n\t\t<\/div>\n\t\t\t\t<div class=\"elementor-column elementor-col-25 elementor-inner-column elementor-element elementor-element-c814958\" data-id=\"c814958\" data-element_type=\"column\" data-e-type=\"column\">\n\t\t\t<div class=\"elementor-widget-wrap elementor-element-populated\">\n\t\t\t\t\t\t<div class=\"elementor-element elementor-element-c4a5887 elementor-position-top elementor-widget elementor-widget-image-box\" data-id=\"c4a5887\" data-element_type=\"widget\" data-e-type=\"widget\" data-widget_type=\"image-box.default\">\n\t\t\t\t<div class=\"elementor-widget-container\">\n\t\t\t\t\t<div class=\"elementor-image-box-wrapper\"><figure class=\"elementor-image-box-img\"><a href=\"https:\/\/www.sg.pcm.gov.pt\/\" tabindex=\"-1\" target=\"_blank\" rel=\"noopener\"><img decoding=\"async\" src=\"https:\/\/gilm.pt\/congressolmc\/wp-content\/uploads\/elementor\/thumbs\/PMLlogo-1-r7llpc8eltud9jh5qxqv932auwvhl6lv7v52t4v7aw.jpg\" title=\"PMLlogo-1\" alt=\"PMLlogo-1\" loading=\"lazy\" \/><\/a><\/figure><\/div>\t\t\t\t<\/div>\n\t\t\t\t<\/div>\n\t\t\t\t\t<\/div>\n\t\t<\/div>\n\t\t\t\t<div class=\"elementor-column elementor-col-25 elementor-inner-column elementor-element elementor-element-8e42842\" data-id=\"8e42842\" data-element_type=\"column\" data-e-type=\"column\">\n\t\t\t<div class=\"elementor-widget-wrap elementor-element-populated\">\n\t\t\t\t\t\t<div class=\"elementor-element elementor-element-193b707 elementor-position-top elementor-widget elementor-widget-image-box\" data-id=\"193b707\" data-element_type=\"widget\" data-e-type=\"widget\" data-widget_type=\"image-box.default\">\n\t\t\t\t<div class=\"elementor-widget-container\">\n\t\t\t\t\t<div class=\"elementor-image-box-wrapper\"><figure class=\"elementor-image-box-img\"><a href=\"https:\/\/www.pt.pt\/pt\/\" target=\"_blank\" tabindex=\"-1\" rel=\"noopener\"><img decoding=\"async\" src=\"https:\/\/gilm.pt\/congressolmc\/wp-content\/uploads\/elementor\/thumbs\/LOGO-PRETO-RGB-r7llpzqdcoqjbsj0xpwjhf4tpjnnxm75n3g7t1wczc.png\" title=\"LOGO-PRETO-RGB\" alt=\"LOGO-PRETO-RGB\" loading=\"lazy\" \/><\/a><\/figure><\/div>\t\t\t\t<\/div>\n\t\t\t\t<\/div>\n\t\t\t\t\t<\/div>\n\t\t<\/div>\n\t\t\t\t<div class=\"elementor-column elementor-col-25 elementor-inner-column elementor-element elementor-element-8ca8b2b\" data-id=\"8ca8b2b\" data-element_type=\"column\" data-e-type=\"column\">\n\t\t\t<div class=\"elementor-widget-wrap elementor-element-populated\">\n\t\t\t\t\t\t<div class=\"elementor-element elementor-element-38c52f2 elementor-position-top elementor-widget elementor-widget-image-box\" data-id=\"38c52f2\" data-element_type=\"widget\" data-e-type=\"widget\" data-widget_type=\"image-box.default\">\n\t\t\t\t<div class=\"elementor-widget-container\">\n\t\t\t\t\t<div class=\"elementor-image-box-wrapper\"><figure class=\"elementor-image-box-img\"><a href=\"https:\/\/www.uc.pt\/fluc\/\" target=\"_blank\" tabindex=\"-1\" rel=\"noopener\"><img decoding=\"async\" src=\"https:\/\/gilm.pt\/congressolmc\/wp-content\/uploads\/elementor\/thumbs\/FLUC_V_FundoClaro-r7lngmp6s8hf0bjk6amj543mswx7vhv7x4i23v0wc8.png\" title=\"FLUC_V_FundoClaro\" alt=\"FLUC_V_FundoClaro\" loading=\"lazy\" \/><\/a><\/figure><\/div>\t\t\t\t<\/div>\n\t\t\t\t<\/div>\n\t\t\t\t\t<\/div>\n\t\t<\/div>\n\t\t\t\t\t<\/div>\n\t\t<\/section>\n\t\t\t\t\t<\/div>\n\t\t<\/div>\n\t\t\t\t\t<\/div>\n\t\t<\/section>\n\t\t\t\t<\/div>\n\t\t","protected":false},"excerpt":{"rendered":"","protected":false},"author":1,"featured_media":0,"parent":0,"menu_order":0,"comment_status":"closed","ping_status":"closed","template":"","meta":{"footnotes":""},"class_list":["post-469","page","type-page","status-publish","hentry"],"_links":{"self":[{"href":"https:\/\/gilm.pt\/congressolmc\/wp-json\/wp\/v2\/pages\/469","targetHints":{"allow":["GET"]}}],"collection":[{"href":"https:\/\/gilm.pt\/congressolmc\/wp-json\/wp\/v2\/pages"}],"about":[{"href":"https:\/\/gilm.pt\/congressolmc\/wp-json\/wp\/v2\/types\/page"}],"author":[{"embeddable":true,"href":"https:\/\/gilm.pt\/congressolmc\/wp-json\/wp\/v2\/users\/1"}],"replies":[{"embeddable":true,"href":"https:\/\/gilm.pt\/congressolmc\/wp-json\/wp\/v2\/comments?post=469"}],"version-history":[{"count":5,"href":"https:\/\/gilm.pt\/congressolmc\/wp-json\/wp\/v2\/pages\/469\/revisions"}],"predecessor-version":[{"id":8438,"href":"https:\/\/gilm.pt\/congressolmc\/wp-json\/wp\/v2\/pages\/469\/revisions\/8438"}],"wp:attachment":[{"href":"https:\/\/gilm.pt\/congressolmc\/wp-json\/wp\/v2\/media?parent=469"}],"curies":[{"name":"wp","href":"https:\/\/api.w.org\/{rel}","templated":true}]}}