{"id":8,"date":"2016-07-27T08:35:35","date_gmt":"2016-07-27T08:35:35","guid":{"rendered":"https:\/\/4congressolmc.wordpress.com\/?page_id=4"},"modified":"2025-11-27T00:01:48","modified_gmt":"2025-11-27T00:01:48","slug":"programa","status":"publish","type":"page","link":"https:\/\/gilm.pt\/congressolmc\/programa\/","title":{"rendered":"Programa geral"},"content":{"rendered":"\t\t<div data-elementor-type=\"wp-page\" data-elementor-id=\"8\" class=\"elementor elementor-8\" data-elementor-post-type=\"page\">\n\t\t\t\t<div class=\"elementor-element elementor-element-9a95719 e-flex e-con-boxed e-con e-parent\" data-id=\"9a95719\" data-element_type=\"container\" data-e-type=\"container\">\n\t\t\t\t\t<div class=\"e-con-inner\">\n\t\t\t\t<div class=\"elementor-element elementor-element-0c3a681 elementor-align-center elementor-widget elementor-widget-button\" data-id=\"0c3a681\" data-element_type=\"widget\" data-e-type=\"widget\" data-widget_type=\"button.default\">\n\t\t\t\t<div class=\"elementor-widget-container\">\n\t\t\t\t\t\t\t\t\t<div class=\"elementor-button-wrapper\">\n\t\t\t\t\t<a class=\"elementor-button elementor-button-link elementor-size-sm\" href=\"https:\/\/gilm.pt\/congressolmc\/wp-content\/uploads\/2025\/11\/Programa_completo_VII-Congresso_Literacia_Media_Cidadania_GILM.pdf\" target=\"_blank\">\n\t\t\t\t\t\t<span class=\"elementor-button-content-wrapper\">\n\t\t\t\t\t\t<span class=\"elementor-button-icon\">\n\t\t\t\t<i aria-hidden=\"true\" class=\"fas fa-book-open\"><\/i>\t\t\t<\/span>\n\t\t\t\t\t\t\t\t\t<span class=\"elementor-button-text\">Descarregue o programa completo em PDF aqui<\/span>\n\t\t\t\t\t<\/span>\n\t\t\t\t\t<\/a>\n\t\t\t\t<\/div>\n\t\t\t\t\t\t\t\t<\/div>\n\t\t\t\t<\/div>\n\t\t\t\t<div class=\"elementor-element elementor-element-5f460b3 elementor-widget elementor-widget-spacer\" data-id=\"5f460b3\" data-element_type=\"widget\" data-e-type=\"widget\" data-widget_type=\"spacer.default\">\n\t\t\t\t<div class=\"elementor-widget-container\">\n\t\t\t\t\t\t\t<div class=\"elementor-spacer\">\n\t\t\t<div class=\"elementor-spacer-inner\"><\/div>\n\t\t<\/div>\n\t\t\t\t\t\t<\/div>\n\t\t\t\t<\/div>\n\t\t\t\t<div class=\"elementor-element elementor-element-47d3c06 elementor-widget elementor-widget-text-editor\" data-id=\"47d3c06\" data-element_type=\"widget\" data-e-type=\"widget\" data-widget_type=\"text-editor.default\">\n\t\t\t\t<div class=\"elementor-widget-container\">\n\t\t\t\t\t\t\t\t\t<p><em>*mapas com localiza\u00e7\u00e3o das salas dispon\u00edveis no fim da p\u00e1gina<\/em><\/p>\t\t\t\t\t\t\t\t<\/div>\n\t\t\t\t<\/div>\n\t\t\t\t<div class=\"elementor-element elementor-element-3a7b5a5 elementor-widget elementor-widget-text-editor\" data-id=\"3a7b5a5\" data-element_type=\"widget\" data-e-type=\"widget\" data-widget_type=\"text-editor.default\">\n\t\t\t\t<div class=\"elementor-widget-container\">\n\t\t\t\t\t\t\t\t\t<h4><strong>Quinta-feira, 27 de novembro<\/strong><\/h4>\t\t\t\t\t\t\t\t<\/div>\n\t\t\t\t<\/div>\n\t\t\t\t<div class=\"elementor-element elementor-element-85e76c8 elementor-widget elementor-widget-text-editor\" data-id=\"85e76c8\" data-element_type=\"widget\" data-e-type=\"widget\" data-widget_type=\"text-editor.default\">\n\t\t\t\t<div class=\"elementor-widget-container\">\n\t\t\t\t\t\t\t\t\t<p><strong>14h30 | Sess\u00e3o de abertura<br \/>Anfiteatro III (FLUC)<\/strong><\/p><ul><li>Representantes do GILM: Lu\u00edsa Ribeiro Lopes (.PT) e Fernanda Bonacho (ESCS-IPL)<\/li><li>Diretora do Centro de Forma\u00e7\u00e3o da Associa\u00e7\u00e3o de Escolas Minerva, Hilda Pinto Gon\u00e7alves<\/li><li>Diretor da Faculdade de Letras da Universidade de Coimbra, Albano Figueiredo<\/li><li>Reitor da Universidade de Coimbra, Am\u00edlcar Falc\u00e3o <em>(a confirmar)<\/em><\/li><\/ul><p><strong><br \/>15h | <em>Keynote Speaker<br \/><\/em>Anfiteatro III (FLUC)<em><br \/><\/em><\/strong><\/p><ul><li>&#8220;Restoring Civic Health in a Culture of Distance: Media Literacy &amp; Proximal Belonging&#8221;<br \/>Paul Mihailidis, Emerson College<\/li><\/ul><p><strong><br \/>15h45 | Plen\u00e1ria I &#8211; Ecossistemas Digitais e (Des)ordens Comportamentais<br \/>Anfiteatro III (FLUC)<br \/><\/strong><em>A r\u00e1pida transforma\u00e7\u00e3o do ecossistema medi\u00e1tico, impulsionada pela digitaliza\u00e7\u00e3o acelerada, tem reconfigurado profundamente a comunica\u00e7\u00e3o, a perce\u00e7\u00e3o da realidade e os valores sociais e c\u00edvicos. O primado da aten\u00e7\u00e3o favorece a desinforma\u00e7\u00e3o, a fragmenta\u00e7\u00e3o e a polariza\u00e7\u00e3o social. Os algoritmos e o uso intenso das redes sociais moldam comportamentos, gerando depend\u00eancia e bolhas informativas que dificultam o di\u00e1logo social.<\/em><\/p><ul><li>Armanda Matos, Faculdade de Psicologia e de Ci\u00eancias da Educa\u00e7\u00e3o da Universidade de Coimbra<\/li><li>Carla Ganito, Faculdade Ci\u00eancias Humanas da Universidade Cat\u00f3lica<\/li><li>Hugo Sim\u00f5es, Centro de Investiga\u00e7\u00e3o em Estudos da Crian\u00e7a (Universidade do Minho) &#8211; Plano de Preven\u00e7\u00e3o Anti-Bullying do AE \u00cdlhavo<\/li><li>Isabel Baptista, Conselheira de Ciberseguran\u00e7a &#8211; Telecom \u2013 Representa\u00e7\u00e3o Permanente de Portugal junto da Uni\u00e3o Europeia (REPER)<\/li><\/ul><p>Modera\u00e7\u00e3o: Clara Almeida Santos, Faculdade de Letras da Universidade de Coimbra<\/p><p><strong>16h45 | Pausa para caf\u00e9<\/strong><\/p><p><strong>17h00 | 1.\u00ba bloco de comunica\u00e7\u00f5es livres<br \/><\/strong>Consultar salas <a href=\"https:\/\/gilm.pt\/congressolmc\/comunicacoes-livres-e-posters\/\" target=\"_blank\" rel=\"noopener\">aqui<\/a>.<\/p>\t\t\t\t\t\t\t\t<\/div>\n\t\t\t\t<\/div>\n\t\t\t\t<div class=\"elementor-element elementor-element-6d1e12c elementor-widget elementor-widget-text-editor\" data-id=\"6d1e12c\" data-element_type=\"widget\" data-e-type=\"widget\" data-widget_type=\"text-editor.default\">\n\t\t\t\t<div class=\"elementor-widget-container\">\n\t\t\t\t\t\t\t\t\t<h4><strong>Sexta-feira, 28 de novembro<\/strong><\/h4>\t\t\t\t\t\t\t\t<\/div>\n\t\t\t\t<\/div>\n\t\t\t\t<div class=\"elementor-element elementor-element-fc43940 elementor-widget elementor-widget-text-editor\" data-id=\"fc43940\" data-element_type=\"widget\" data-e-type=\"widget\" data-widget_type=\"text-editor.default\">\n\t\t\t\t<div class=\"elementor-widget-container\">\n\t\t\t\t\t\t\t\t\t<p><strong>9h | <em>Workshops<\/em> paralelos <\/strong>(*inscri\u00e7\u00e3o obrigat\u00f3ria)<strong><br \/><\/strong>Consultar salas <a href=\"https:\/\/gilm.pt\/congressolmc\/workshops-3\/\" target=\"_blank\" rel=\"noopener\">aqui<\/a>.\u00a0<strong><br \/><\/strong><\/p><p><strong>10h30 | <em>Keynote speaker<br \/><\/em>Teatro Paulo Quintela<\/strong><\/p><ul><li>&#8220;Citizen empowerment through promotional media literacy? A provocation for discussion&#8221;<br \/>Lee Edwards, London School of Economics<\/li><\/ul><p><b><br \/>11h15 | Pausa para caf\u00e9\u00a0<\/b><\/p><p><strong>11h30 | Plen\u00e1ria II &#8211; Narrativas medi\u00e1ticas ou discursos (des)informados<br \/>Teatro Paulo Quintela<br \/><\/strong><em>As narrativas medi\u00e1ticas, antes baseadas em padr\u00f5es profissionais reconhecidos, s\u00e3o hoje desafiadas por novos atores, conte\u00fados e formatos que subvertem as fronteiras entre factos e opini\u00f5es, e entre a informa\u00e7\u00e3o jornal\u00edstica e outros dom\u00ednios da comunica\u00e7\u00e3o. Essa desestrutura\u00e7\u00e3o fragiliza as pr\u00e1ticas profissionais da comunica\u00e7\u00e3o e pode minar a confian\u00e7a p\u00fablica nos <\/em>media<em>.<\/em><\/p><ul><li>Annemieke Akkermans, Lie Detectors<\/li><li>Charles Bradley, Trust Strategy, Google<\/li><li>Maria Jos\u00e9 Brites, CICANT, Universidade Lus\u00f3fona<\/li><li>Nikki Soo, Safety and Well-being Public Policy, TikTok<\/li><li><span style=\"background-color: transparent;\">Telmo Gon\u00e7alves, ERC &#8211; Entidade Reguladora para a Comunica\u00e7\u00e3o Social<\/span><\/li><\/ul><p>Modera\u00e7\u00e3o: V\u00edtor Tom\u00e9, UAL e ISCTE<\/p><p><strong>12h30 | Almo\u00e7o livre<\/strong><\/p><p><strong>14h | 2.\u00ba bloco de comunica\u00e7\u00f5es livres<br \/><\/strong>Consultar salas <a href=\"https:\/\/gilm.pt\/congressolmc\/comunicacoes-livres-e-posters\/\" target=\"_blank\" rel=\"noopener\">aqui<\/a>.<\/p><p><strong>15h15 | <em>Keynote speaker<br \/><\/em>Teatro Paulo Quintela<em><br \/><\/em><\/strong><\/p><ul><li>&#8220;Media and Information Literacy: A Universal Right for the Digital Age&#8221;<br \/>Adeline Hulin, Unit for Media and Information Literacy and Digital Competencies, UNESCO<\/li><\/ul><p><strong><br \/>16h | Pausa para caf\u00e9<\/strong><\/p><p><strong>16h15 | Plen\u00e1ria III \u2013 <em>Media<\/em>, Jornalismo e Direitos Humanos<br \/>Teatro Paulo Quintela<br \/><\/strong><em>Diante da fragmenta\u00e7\u00e3o do espa\u00e7o p\u00fablico e da perda de refer\u00eancias comuns, \u00e9 crucial promover discursos baseados em valores universais, como a paz e a dignidade humana. A literacia medi\u00e1tica torna-se, assim, essencial como ferramenta de capacita\u00e7\u00e3o individual e para fortalecer a democracia, a coes\u00e3o social e os direitos humanos.<\/em><\/p><ul><li>Bojan Georgievski, Inclusive and Creative Media Education<\/li><li>Matia Losego, Amnistia Internacional Portugal<\/li><li>Matteo Bergamini, Shout Out UK<\/li><li>Tiago Carrasco, jornalista<\/li><li>Vanessa Rodrigues, realizadora<\/li><\/ul><p>Modera\u00e7\u00e3o: Fernanda Bonacho, ESCS-IPL\/LIACOM<\/p><p><strong>17h15 | Sess\u00e3o de encerramento<br \/><\/strong><strong>Teatro Paulo Quintela<br \/><\/strong><\/p><ul><li>Representante do GILM: Maria de Deus Rodrigues, Ag\u00eancia LUSA<\/li><li>In\u00eas Amaral, Faculdade de Letras da Universidade de Coimbra<\/li><\/ul>\t\t\t\t\t\t\t\t<\/div>\n\t\t\t\t<\/div>\n\t\t\t\t\t<\/div>\n\t\t\t\t<\/div>\n\t\t<div class=\"elementor-element elementor-element-169eaa3 e-grid e-con-boxed e-con e-parent\" data-id=\"169eaa3\" data-element_type=\"container\" data-e-type=\"container\">\n\t\t\t\t\t<div class=\"e-con-inner\">\n\t\t\t\t<div class=\"elementor-element elementor-element-258a1b0 elementor-widget elementor-widget-image\" data-id=\"258a1b0\" data-element_type=\"widget\" data-e-type=\"widget\" data-widget_type=\"image.default\">\n\t\t\t\t<div class=\"elementor-widget-container\">\n\t\t\t\t\t\t\t\t\t\t\t\t<figure class=\"wp-caption\">\n\t\t\t\t\t\t\t\t\t\t\t<a href=\"https:\/\/gilm.pt\/congressolmc\/wp-content\/uploads\/2025\/11\/Localizacao-FLUC_student-hub-e-sao-jeronimo-2.jpg\" data-elementor-open-lightbox=\"yes\" data-elementor-lightbox-title=\"Localizac\u0327a\u0303o FLUC, Student Hub e Col\u00e9gio S. Jero\u0301nimo\" data-e-action-hash=\"#elementor-action%3Aaction%3Dlightbox%26settings%3DeyJpZCI6ODU4NiwidXJsIjoiaHR0cHM6XC9cL2dpbG0ucHRcL2NvbmdyZXNzb2xtY1wvd3AtY29udGVudFwvdXBsb2Fkc1wvMjAyNVwvMTFcL0xvY2FsaXphY2FvLUZMVUNfc3R1ZGVudC1odWItZS1zYW8tamVyb25pbW8tMi5qcGcifQ%3D%3D\">\n\t\t\t\t\t\t\t<img fetchpriority=\"high\" decoding=\"async\" width=\"800\" height=\"566\" src=\"https:\/\/gilm.pt\/congressolmc\/wp-content\/uploads\/2025\/11\/Localizacao-FLUC_student-hub-e-sao-jeronimo-2-1024x724.jpg\" class=\"attachment-large size-large wp-image-8586\" alt=\"\" srcset=\"https:\/\/gilm.pt\/congressolmc\/wp-content\/uploads\/2025\/11\/Localizacao-FLUC_student-hub-e-sao-jeronimo-2-1024x724.jpg 1024w, https:\/\/gilm.pt\/congressolmc\/wp-content\/uploads\/2025\/11\/Localizacao-FLUC_student-hub-e-sao-jeronimo-2-300x212.jpg 300w, https:\/\/gilm.pt\/congressolmc\/wp-content\/uploads\/2025\/11\/Localizacao-FLUC_student-hub-e-sao-jeronimo-2-768x543.jpg 768w, https:\/\/gilm.pt\/congressolmc\/wp-content\/uploads\/2025\/11\/Localizacao-FLUC_student-hub-e-sao-jeronimo-2-1536x1086.jpg 1536w, https:\/\/gilm.pt\/congressolmc\/wp-content\/uploads\/2025\/11\/Localizacao-FLUC_student-hub-e-sao-jeronimo-2.jpg 1650w\" sizes=\"(max-width: 800px) 100vw, 800px\" \/>\t\t\t\t\t\t\t\t<\/a>\n\t\t\t\t\t\t\t\t\t\t\t<figcaption class=\"widget-image-caption wp-caption-text\">Localizac\u0327a\u0303o FLUC, Student Hub e Col\u00e9gio S. Jero\u0301nimo<\/figcaption>\n\t\t\t\t\t\t\t\t\t\t<\/figure>\n\t\t\t\t\t\t\t\t\t<\/div>\n\t\t\t\t<\/div>\n\t\t\t\t<div class=\"elementor-element elementor-element-045cdf8 elementor-widget elementor-widget-image\" data-id=\"045cdf8\" data-element_type=\"widget\" data-e-type=\"widget\" data-widget_type=\"image.default\">\n\t\t\t\t<div class=\"elementor-widget-container\">\n\t\t\t\t\t\t\t\t\t\t\t\t<figure class=\"wp-caption\">\n\t\t\t\t\t\t\t\t\t\t\t<a href=\"https:\/\/gilm.pt\/congressolmc\/wp-content\/uploads\/2025\/11\/Mapa-da-Faculdade-de-Letras.jpg\" data-elementor-open-lightbox=\"yes\" data-elementor-lightbox-title=\"Mapa da Faculdade de Letras (UC)\" data-e-action-hash=\"#elementor-action%3Aaction%3Dlightbox%26settings%3DeyJpZCI6ODYxNiwidXJsIjoiaHR0cHM6XC9cL2dpbG0ucHRcL2NvbmdyZXNzb2xtY1wvd3AtY29udGVudFwvdXBsb2Fkc1wvMjAyNVwvMTFcL01hcGEtZGEtRmFjdWxkYWRlLWRlLUxldHJhcy5qcGcifQ%3D%3D\">\n\t\t\t\t\t\t\t<img decoding=\"async\" width=\"800\" height=\"566\" src=\"https:\/\/gilm.pt\/congressolmc\/wp-content\/uploads\/2025\/11\/Mapa-da-Faculdade-de-Letras-1024x724.jpg\" class=\"attachment-large size-large wp-image-8616\" alt=\"\" srcset=\"https:\/\/gilm.pt\/congressolmc\/wp-content\/uploads\/2025\/11\/Mapa-da-Faculdade-de-Letras-1024x724.jpg 1024w, https:\/\/gilm.pt\/congressolmc\/wp-content\/uploads\/2025\/11\/Mapa-da-Faculdade-de-Letras-300x212.jpg 300w, https:\/\/gilm.pt\/congressolmc\/wp-content\/uploads\/2025\/11\/Mapa-da-Faculdade-de-Letras-768x543.jpg 768w, https:\/\/gilm.pt\/congressolmc\/wp-content\/uploads\/2025\/11\/Mapa-da-Faculdade-de-Letras-1536x1086.jpg 1536w, https:\/\/gilm.pt\/congressolmc\/wp-content\/uploads\/2025\/11\/Mapa-da-Faculdade-de-Letras.jpg 1650w\" sizes=\"(max-width: 800px) 100vw, 800px\" \/>\t\t\t\t\t\t\t\t<\/a>\n\t\t\t\t\t\t\t\t\t\t\t<figcaption class=\"widget-image-caption wp-caption-text\">Mapa da Faculdade de Letras (UC)<\/figcaption>\n\t\t\t\t\t\t\t\t\t\t<\/figure>\n\t\t\t\t\t\t\t\t\t<\/div>\n\t\t\t\t<\/div>\n\t\t\t\t\t<\/div>\n\t\t\t\t<\/div>\n\t\t\t\t<\/div>\n\t\t","protected":false},"excerpt":{"rendered":"<p>This is just a short excerpt for the contact&nbsp;page.<\/p>\n","protected":false},"author":1,"featured_media":0,"parent":0,"menu_order":2,"comment_status":"closed","ping_status":"closed","template":"","meta":{"footnotes":""},"class_list":["post-8","page","type-page","status-publish","hentry"],"_links":{"self":[{"href":"https:\/\/gilm.pt\/congressolmc\/wp-json\/wp\/v2\/pages\/8","targetHints":{"allow":["GET"]}}],"collection":[{"href":"https:\/\/gilm.pt\/congressolmc\/wp-json\/wp\/v2\/pages"}],"about":[{"href":"https:\/\/gilm.pt\/congressolmc\/wp-json\/wp\/v2\/types\/page"}],"author":[{"embeddable":true,"href":"https:\/\/gilm.pt\/congressolmc\/wp-json\/wp\/v2\/users\/1"}],"replies":[{"embeddable":true,"href":"https:\/\/gilm.pt\/congressolmc\/wp-json\/wp\/v2\/comments?post=8"}],"version-history":[{"count":5,"href":"https:\/\/gilm.pt\/congressolmc\/wp-json\/wp\/v2\/pages\/8\/revisions"}],"predecessor-version":[{"id":8963,"href":"https:\/\/gilm.pt\/congressolmc\/wp-json\/wp\/v2\/pages\/8\/revisions\/8963"}],"wp:attachment":[{"href":"https:\/\/gilm.pt\/congressolmc\/wp-json\/wp\/v2\/media?parent=8"}],"curies":[{"name":"wp","href":"https:\/\/api.w.org\/{rel}","templated":true}]}}